{"id":135,"date":"2021-09-29T13:41:26","date_gmt":"2021-09-29T13:41:26","guid":{"rendered":"https:\/\/yelabrodesser.com\/?page_id=135"},"modified":"2023-04-18T09:48:16","modified_gmt":"2023-04-18T09:48:16","slug":"yela-brodesser","status":"publish","type":"page","link":"https:\/\/yelabrodesser.com\/","title":{"rendered":"Yela Brodesser"},"content":{"rendered":"<div id=\"pl-135\"  class=\"panel-layout\" ><div id=\"pg-135-0\"  class=\"panel-grid panel-no-style\" ><div id=\"pgc-135-0-0\"  class=\"panel-grid-cell\" ><div id=\"panel-135-0-0-0\" class=\"so-panel widget widget_sow-editor panel-first-child panel-last-child\" data-index=\"0\" ><div\n\t\t\t\n\t\t\tclass=\"so-widget-sow-editor so-widget-sow-editor-base\"\n\t\t\t\n\t\t>\n<div class=\"siteorigin-widget-tinymce textwidget\">\n\t<h3 style=\"text-align: center;\">Musikerin und Autorin<\/h3>\n<\/div>\n<\/div><\/div><\/div><\/div><div id=\"pg-135-1\"  class=\"panel-grid panel-no-style\" ><div id=\"pgc-135-1-0\"  class=\"panel-grid-cell\" ><div id=\"panel-135-1-0-1\" class=\"so-panel widget widget_sow-editor panel-last-child\" data-index=\"2\" ><div\n\t\t\t\n\t\t\tclass=\"so-widget-sow-editor so-widget-sow-editor-base\"\n\t\t\t\n\t\t>\n<div class=\"siteorigin-widget-tinymce textwidget\">\n\t<p style=\"text-align: center;\"><span style=\"color: #999999;\"><strong>Reisen ist meine Leidenschaft:<\/strong><\/span><br \/>\n<span style=\"color: #999999;\"><strong>es \u00f6ffnet die Sinne, vermittelt neue Perspektiven,<\/strong><\/span><br \/>\n<span style=\"color: #999999;\"><strong>hilft das Leben aus anderen Blickwinkeln zu betrachten.<\/strong><\/span><br \/>\n<span style=\"color: #999999;\"><strong>Man f\u00fchlt sich frei und ungebunden,<\/strong><\/span><br \/>\n<span style=\"color: #999999;\"><strong>kann alte Zw\u00e4nge abstreifen<\/strong><\/span><br \/>\n<span style=\"color: #999999;\"><strong>und sich neu erfinden.<\/strong><\/span><br \/>\n<span style=\"color: #999999;\"><strong>Dadurch entsteht Leichtigkeit<\/strong><\/span><br \/>\n<span style=\"color: #999999;\"><strong>und eine neue, unbekannte Kraft.<\/strong><\/span><br \/>\n<span style=\"color: #999999;\"><strong>Meine Reisen in viele L\u00e4nder dieser Welt, vor allem jedoch nach Afrika,<\/strong><\/span><br \/>\n<span style=\"color: #999999;\"><strong>haben mich zu meiner Musik und meinen B\u00fcchern inspiriert.<\/strong><\/span><br \/>\n<span style=\"color: #999999;\"><strong>Mit meiner Kunst m\u00f6chte ich Einblicke in andere Kulturen erm\u00f6glichen,<\/strong><\/span><br \/>\n<span style=\"color: #999999;\"><strong>fremde Lebenswelten erlebbar machen und das Publikum<\/strong><\/span><br \/>\n<span style=\"color: #999999;\"><strong>auf eine Reise in andere Realit\u00e4ten mitnehmen.<\/strong><\/span><\/p>\n<\/div>\n<\/div><\/div><\/div><\/div><div id=\"pg-135-2\"  class=\"panel-grid panel-no-style\" ><div id=\"pgc-135-2-0\"  class=\"panel-grid-cell panel-grid-cell-empty\" ><\/div><\/div><\/div>","protected":false},"excerpt":{"rendered":"<p>Musikerin und Autorin Reisen ist meine Leidenschaft: es \u00f6ffnet die Sinne, vermittelt neue Perspektiven, hilft das Leben aus anderen Blickwinkeln zu betrachten. Man f\u00fchlt sich frei und ungebunden, kann alte Zw\u00e4nge abstreifen und sich neu erfinden. Dadurch entsteht Leichtigkeit und eine neue, unbekannte Kraft. Meine Reisen in viele L\u00e4nder dieser Welt, vor allem jedoch nach Afrika, haben mich zu meiner Musik und meinen B\u00fcchern inspiriert. Mit meiner Kunst m\u00f6chte ich Einblicke in andere Kulturen erm\u00f6glichen, fremde Lebenswelten erlebbar machen und das Publikum auf eine Reise in andere Realit\u00e4ten mitnehmen.<\/p>\n","protected":false},"author":1,"featured_media":0,"parent":0,"menu_order":0,"comment_status":"closed","ping_status":"closed","template":"","meta":{"footnotes":""},"class_list":["post-135","page","type-page","status-publish","hentry"],"yoast_head":"<!-- This site is optimized with the Yoast SEO plugin v20.4 - https:\/\/yoast.com\/wordpress\/plugins\/seo\/ -->\n<title>Yela Brodesser - Yela Brodesser<\/title>\n<meta name=\"robots\" content=\"index, follow, max-snippet:-1, max-image-preview:large, max-video-preview:-1\" \/>\n<link rel=\"canonical\" href=\"https:\/\/yelabrodesser.com\/\" \/>\n<meta property=\"og:locale\" content=\"de_DE\" \/>\n<meta property=\"og:type\" content=\"article\" \/>\n<meta property=\"og:title\" content=\"Yela Brodesser - Yela Brodesser\" \/>\n<meta property=\"og:description\" content=\"Musikerin und Autorin Reisen ist meine Leidenschaft: es \u00f6ffnet die Sinne, vermittelt neue Perspektiven, hilft das Leben aus anderen Blickwinkeln zu betrachten. Man f\u00fchlt sich frei und ungebunden, kann alte Zw\u00e4nge abstreifen und sich neu erfinden. Dadurch entsteht Leichtigkeit und eine neue, unbekannte Kraft. Meine Reisen in viele L\u00e4nder dieser Welt, vor allem jedoch nach Afrika, haben mich zu meiner Musik und meinen B\u00fcchern inspiriert. Mit meiner Kunst m\u00f6chte ich Einblicke in andere Kulturen erm\u00f6glichen, fremde Lebenswelten erlebbar machen und das Publikum auf eine Reise in andere Realit\u00e4ten mitnehmen.\" \/>\n<meta property=\"og:url\" content=\"https:\/\/yelabrodesser.com\/\" \/>\n<meta property=\"og:site_name\" content=\"Yela Brodesser\" \/>\n<meta property=\"article:modified_time\" content=\"2023-04-18T09:48:16+00:00\" \/>\n<meta name=\"twitter:card\" content=\"summary_large_image\" \/>\n<meta name=\"twitter:label1\" content=\"Gesch\u00e4tzte Lesezeit\" \/>\n\t<meta name=\"twitter:data1\" content=\"1 Minute\" \/>\n<script type=\"application\/ld+json\" class=\"yoast-schema-graph\">{\"@context\":\"https:\/\/schema.org\",\"@graph\":[{\"@type\":\"WebPage\",\"@id\":\"https:\/\/yelabrodesser.com\/\",\"url\":\"https:\/\/yelabrodesser.com\/\",\"name\":\"Yela Brodesser - Yela Brodesser\",\"isPartOf\":{\"@id\":\"https:\/\/yelabrodesser.com\/#website\"},\"datePublished\":\"2021-09-29T13:41:26+00:00\",\"dateModified\":\"2023-04-18T09:48:16+00:00\",\"breadcrumb\":{\"@id\":\"https:\/\/yelabrodesser.com\/#breadcrumb\"},\"inLanguage\":\"de-AT\",\"potentialAction\":[{\"@type\":\"ReadAction\",\"target\":[\"https:\/\/yelabrodesser.com\/\"]}]},{\"@type\":\"BreadcrumbList\",\"@id\":\"https:\/\/yelabrodesser.com\/#breadcrumb\",\"itemListElement\":[{\"@type\":\"ListItem\",\"position\":1,\"name\":\"Home\",\"item\":\"https:\/\/yelabrodesser.com\/\"},{\"@type\":\"ListItem\",\"position\":2,\"name\":\"Yela Brodesser\"}]},{\"@type\":\"WebSite\",\"@id\":\"https:\/\/yelabrodesser.com\/#website\",\"url\":\"https:\/\/yelabrodesser.com\/\",\"name\":\"Yela Brodesser\",\"description\":\"\",\"potentialAction\":[{\"@type\":\"SearchAction\",\"target\":{\"@type\":\"EntryPoint\",\"urlTemplate\":\"https:\/\/yelabrodesser.com\/?s={search_term_string}\"},\"query-input\":\"required name=search_term_string\"}],\"inLanguage\":\"de-AT\"}]}<\/script>\n<!-- \/ Yoast SEO plugin. -->","yoast_head_json":{"title":"Yela Brodesser - Yela Brodesser","robots":{"index":"index","follow":"follow","max-snippet":"max-snippet:-1","max-image-preview":"max-image-preview:large","max-video-preview":"max-video-preview:-1"},"canonical":"https:\/\/yelabrodesser.com\/","og_locale":"de_DE","og_type":"article","og_title":"Yela Brodesser - Yela Brodesser","og_description":"Musikerin und Autorin Reisen ist meine Leidenschaft: es \u00f6ffnet die Sinne, vermittelt neue Perspektiven, hilft das Leben aus anderen Blickwinkeln zu betrachten. Man f\u00fchlt sich frei und ungebunden, kann alte Zw\u00e4nge abstreifen und sich neu erfinden. Dadurch entsteht Leichtigkeit und eine neue, unbekannte Kraft. Meine Reisen in viele L\u00e4nder dieser Welt, vor allem jedoch nach Afrika, haben mich zu meiner Musik und meinen B\u00fcchern inspiriert. Mit meiner Kunst m\u00f6chte ich Einblicke in andere Kulturen erm\u00f6glichen, fremde Lebenswelten erlebbar machen und das Publikum auf eine Reise in andere Realit\u00e4ten mitnehmen.","og_url":"https:\/\/yelabrodesser.com\/","og_site_name":"Yela Brodesser","article_modified_time":"2023-04-18T09:48:16+00:00","twitter_card":"summary_large_image","twitter_misc":{"Gesch\u00e4tzte Lesezeit":"1 Minute"},"schema":{"@context":"https:\/\/schema.org","@graph":[{"@type":"WebPage","@id":"https:\/\/yelabrodesser.com\/","url":"https:\/\/yelabrodesser.com\/","name":"Yela Brodesser - Yela Brodesser","isPartOf":{"@id":"https:\/\/yelabrodesser.com\/#website"},"datePublished":"2021-09-29T13:41:26+00:00","dateModified":"2023-04-18T09:48:16+00:00","breadcrumb":{"@id":"https:\/\/yelabrodesser.com\/#breadcrumb"},"inLanguage":"de-AT","potentialAction":[{"@type":"ReadAction","target":["https:\/\/yelabrodesser.com\/"]}]},{"@type":"BreadcrumbList","@id":"https:\/\/yelabrodesser.com\/#breadcrumb","itemListElement":[{"@type":"ListItem","position":1,"name":"Home","item":"https:\/\/yelabrodesser.com\/"},{"@type":"ListItem","position":2,"name":"Yela Brodesser"}]},{"@type":"WebSite","@id":"https:\/\/yelabrodesser.com\/#website","url":"https:\/\/yelabrodesser.com\/","name":"Yela Brodesser","description":"","potentialAction":[{"@type":"SearchAction","target":{"@type":"EntryPoint","urlTemplate":"https:\/\/yelabrodesser.com\/?s={search_term_string}"},"query-input":"required name=search_term_string"}],"inLanguage":"de-AT"}]}},"_links":{"self":[{"href":"https:\/\/yelabrodesser.com\/index.php?rest_route=\/wp\/v2\/pages\/135","targetHints":{"allow":["GET"]}}],"collection":[{"href":"https:\/\/yelabrodesser.com\/index.php?rest_route=\/wp\/v2\/pages"}],"about":[{"href":"https:\/\/yelabrodesser.com\/index.php?rest_route=\/wp\/v2\/types\/page"}],"author":[{"embeddable":true,"href":"https:\/\/yelabrodesser.com\/index.php?rest_route=\/wp\/v2\/users\/1"}],"replies":[{"embeddable":true,"href":"https:\/\/yelabrodesser.com\/index.php?rest_route=%2Fwp%2Fv2%2Fcomments&post=135"}],"version-history":[{"count":40,"href":"https:\/\/yelabrodesser.com\/index.php?rest_route=\/wp\/v2\/pages\/135\/revisions"}],"predecessor-version":[{"id":480,"href":"https:\/\/yelabrodesser.com\/index.php?rest_route=\/wp\/v2\/pages\/135\/revisions\/480"}],"wp:attachment":[{"href":"https:\/\/yelabrodesser.com\/index.php?rest_route=%2Fwp%2Fv2%2Fmedia&parent=135"}],"curies":[{"name":"wp","href":"https:\/\/api.w.org\/{rel}","templated":true}]}}