{"id":142,"date":"2021-09-29T13:47:56","date_gmt":"2021-09-29T13:47:56","guid":{"rendered":"https:\/\/yelabrodesser.com\/?page_id=142"},"modified":"2023-03-06T14:44:44","modified_gmt":"2023-03-06T14:44:44","slug":"ueber-mich","status":"publish","type":"page","link":"https:\/\/yelabrodesser.com\/?page_id=142","title":{"rendered":"\u00dcber mich"},"content":{"rendered":"<div id=\"pl-142\"  class=\"panel-layout\" ><div id=\"pg-142-0\"  class=\"panel-grid panel-no-style\" ><div id=\"pgc-142-0-0\"  class=\"panel-grid-cell\" ><div id=\"panel-142-0-0-0\" class=\"so-panel widget widget_sow-image panel-first-child\" data-index=\"0\" ><div\n\t\t\t\n\t\t\tclass=\"so-widget-sow-image so-widget-sow-image-default-17bc2272b535-142\"\n\t\t\t\n\t\t>\n\n<div class=\"sow-image-container\">\n\t\t<img decoding=\"async\" src=\"https:\/\/yelabrodesser.com\/wp-content\/uploads\/2022\/04\/Yela_Kirschbluete-500x330.jpg\" width=\"500\" height=\"330\" sizes=\"auto, (max-width: 500px) 100vw, 500px\" alt=\"\" loading=\"lazy\" \t\tclass=\"so-widget-image\"\/>\n\t<\/div>\n\n<\/div><\/div><div id=\"panel-142-0-0-1\" class=\"so-panel widget widget_sow-editor panel-last-child\" data-index=\"1\" ><div\n\t\t\t\n\t\t\tclass=\"so-widget-sow-editor so-widget-sow-editor-base\"\n\t\t\t\n\t\t>\n<div class=\"siteorigin-widget-tinymce textwidget\">\n\t<div class=\"post-content\">\n<p>&nbsp;<\/p>\n<p style=\"text-align: left;\"><strong>Mag. Yela Brodesser, Musikerin, Perkussionistin und Autorin<br \/>\n<\/strong><\/p>\n<div class=\"wp-block-columns\">\n<div class=\"wp-block-column\">\n<div class=\"wp-block-group\">\n<div class=\"wp-block-group__inner-container\">\n<div class=\"wp-block-group\">\n<div class=\"wp-block-group__inner-container\">\n<div class=\"wp-block-columns\">\n<div class=\"wp-block-column\">\n<div class=\"wp-block-columns\">\n<div class=\"wp-block-column\">\n<p style=\"text-align: left;\">\u2026 wurde in Wien geboren und studierte Soziologie und Publizistik. W\u00e4hrend des Studiums verschlug es sie nach Westafrika, wo sie neben Land und Leuten die lokale Perkussionsmusik kennen- und lieben lernte. Gemeinsam mit ihrem Mann und ihrer Tochter lebt sie im \u00f6sterreichischen Waldviertel und leitet das \u201eRhytmotop-Institut f\u00fcr Rhythmuserfahrung\u201c. Seit vielen Jahren ist sie Mitglied diverser Bands und Musikprojekte und h\u00e4lt Workshops und Fortbildungsseminare. Sie hat bei mehreren CD-Produktionen mitgewirkt und einige B\u00fccher ver\u00f6ffentlicht.<\/p>\n<p style=\"text-align: left;\">Yelas Lebensrhythmus lag lange Zeit in Afrika. Inspiriert durch ihre Liebe zu diesem Kontinent und ihre zahlreichen Reisen schrieb sie ihren ersten Roman \u201eRote Erde\u201c, der 2018 in der Edition Mokka erschienen ist. Dieser Roman spielt in Guinea, Westafrika und l\u00e4sst den\/die LeserIn tief in die spannende Musikszene, aber auch die schwierige, politische Situation dieses Landes eintauchen. Der Fortsetzungsroman \u201eGestrandet\u201c ist gerade frisch ver\u00f6ffentlicht worden. Dieses Buch thematisiert die Flucht der Hauptfigur von Westafrika nach Europa.<\/p>\n<p style=\"text-align: left;\">\n<\/div>\n<\/div>\n<\/div>\n<\/div>\n<\/div>\n<\/div>\n<\/div>\n<\/div>\n<\/div>\n<\/div>\n<\/div>\n<\/div>\n<\/div><\/div><\/div><\/div><\/div>","protected":false},"excerpt":{"rendered":"<p>&nbsp; Mag. Yela Brodesser, Musikerin, Perkussionistin und Autorin \u2026 wurde in Wien geboren und studierte Soziologie und Publizistik. W\u00e4hrend des Studiums verschlug es sie nach Westafrika, wo sie neben Land und Leuten die lokale Perkussionsmusik kennen- und lieben lernte. Gemeinsam mit ihrem Mann und ihrer Tochter lebt sie im \u00f6sterreichischen Waldviertel und leitet das \u201eRhytmotop-Institut f\u00fcr Rhythmuserfahrung\u201c. Seit vielen Jahren ist sie Mitglied diverser Bands und Musikprojekte und h\u00e4lt Workshops und Fortbildungsseminare. Sie hat bei mehreren CD-Produktionen mitgewirkt und einige B\u00fccher ver\u00f6ffentlicht. Yelas Lebensrhythmus lag lange Zeit in Afrika. Inspiriert durch ihre Liebe zu diesem Kontinent und ihre zahlreichen Reisen schrieb sie ihren ersten Roman \u201eRote Erde\u201c, der 2018 in der Edition Mokka erschienen ist. Dieser Roman spielt in Guinea, Westafrika und l\u00e4sst den\/die LeserIn tief in die spannende Musikszene, aber auch die schwierige, politische Situation dieses Landes eintauchen. Der Fortsetzungsroman \u201eGestrandet\u201c ist gerade frisch ver\u00f6ffentlicht worden. Dieses Buch thematisiert die Flucht der Hauptfigur von Westafrika nach Europa.<\/p>\n","protected":false},"author":1,"featured_media":0,"parent":0,"menu_order":0,"comment_status":"closed","ping_status":"closed","template":"","meta":{"footnotes":""},"class_list":["post-142","page","type-page","status-publish","hentry"],"yoast_head":"<!-- This site is optimized with the Yoast SEO plugin v20.4 - https:\/\/yoast.com\/wordpress\/plugins\/seo\/ -->\n<title>\u00dcber mich - Yela Brodesser<\/title>\n<meta name=\"robots\" content=\"index, follow, max-snippet:-1, max-image-preview:large, max-video-preview:-1\" \/>\n<link rel=\"canonical\" href=\"https:\/\/yelabrodesser.com\/?page_id=142\" \/>\n<meta property=\"og:locale\" content=\"de_DE\" \/>\n<meta property=\"og:type\" content=\"article\" \/>\n<meta property=\"og:title\" content=\"\u00dcber mich - Yela Brodesser\" \/>\n<meta property=\"og:description\" content=\"&nbsp; Mag. Yela Brodesser, Musikerin, Perkussionistin und Autorin \u2026 wurde in Wien geboren und studierte Soziologie und Publizistik. W\u00e4hrend des Studiums verschlug es sie nach Westafrika, wo sie neben Land und Leuten die lokale Perkussionsmusik kennen- und lieben lernte. Gemeinsam mit ihrem Mann und ihrer Tochter lebt sie im \u00f6sterreichischen Waldviertel und leitet das \u201eRhytmotop-Institut f\u00fcr Rhythmuserfahrung\u201c. Seit vielen Jahren ist sie Mitglied diverser Bands und Musikprojekte und h\u00e4lt Workshops und Fortbildungsseminare. Sie hat bei mehreren CD-Produktionen mitgewirkt und einige B\u00fccher ver\u00f6ffentlicht. Yelas Lebensrhythmus lag lange Zeit in Afrika. Inspiriert durch ihre Liebe zu diesem Kontinent und ihre zahlreichen Reisen schrieb sie ihren ersten Roman \u201eRote Erde\u201c, der 2018 in der Edition Mokka erschienen ist. Dieser Roman spielt in Guinea, Westafrika und l\u00e4sst den\/die LeserIn tief in die spannende Musikszene, aber auch die schwierige, politische Situation dieses Landes eintauchen. Der Fortsetzungsroman \u201eGestrandet\u201c ist gerade frisch ver\u00f6ffentlicht worden. Dieses Buch thematisiert die Flucht der Hauptfigur von Westafrika nach Europa.\" \/>\n<meta property=\"og:url\" content=\"https:\/\/yelabrodesser.com\/?page_id=142\" \/>\n<meta property=\"og:site_name\" content=\"Yela Brodesser\" \/>\n<meta property=\"article:modified_time\" content=\"2023-03-06T14:44:44+00:00\" \/>\n<meta name=\"twitter:card\" content=\"summary_large_image\" \/>\n<meta name=\"twitter:label1\" content=\"Gesch\u00e4tzte Lesezeit\" \/>\n\t<meta name=\"twitter:data1\" content=\"1 Minute\" \/>\n<script type=\"application\/ld+json\" class=\"yoast-schema-graph\">{\"@context\":\"https:\/\/schema.org\",\"@graph\":[{\"@type\":\"WebPage\",\"@id\":\"https:\/\/yelabrodesser.com\/?page_id=142\",\"url\":\"https:\/\/yelabrodesser.com\/?page_id=142\",\"name\":\"\u00dcber mich - Yela Brodesser\",\"isPartOf\":{\"@id\":\"https:\/\/yelabrodesser.com\/#website\"},\"datePublished\":\"2021-09-29T13:47:56+00:00\",\"dateModified\":\"2023-03-06T14:44:44+00:00\",\"breadcrumb\":{\"@id\":\"https:\/\/yelabrodesser.com\/?page_id=142#breadcrumb\"},\"inLanguage\":\"de-AT\",\"potentialAction\":[{\"@type\":\"ReadAction\",\"target\":[\"https:\/\/yelabrodesser.com\/?page_id=142\"]}]},{\"@type\":\"BreadcrumbList\",\"@id\":\"https:\/\/yelabrodesser.com\/?page_id=142#breadcrumb\",\"itemListElement\":[{\"@type\":\"ListItem\",\"position\":1,\"name\":\"Home\",\"item\":\"https:\/\/yelabrodesser.com\/\"},{\"@type\":\"ListItem\",\"position\":2,\"name\":\"\u00dcber mich\"}]},{\"@type\":\"WebSite\",\"@id\":\"https:\/\/yelabrodesser.com\/#website\",\"url\":\"https:\/\/yelabrodesser.com\/\",\"name\":\"Yela Brodesser\",\"description\":\"\",\"potentialAction\":[{\"@type\":\"SearchAction\",\"target\":{\"@type\":\"EntryPoint\",\"urlTemplate\":\"https:\/\/yelabrodesser.com\/?s={search_term_string}\"},\"query-input\":\"required name=search_term_string\"}],\"inLanguage\":\"de-AT\"}]}<\/script>\n<!-- \/ Yoast SEO plugin. -->","yoast_head_json":{"title":"\u00dcber mich - Yela Brodesser","robots":{"index":"index","follow":"follow","max-snippet":"max-snippet:-1","max-image-preview":"max-image-preview:large","max-video-preview":"max-video-preview:-1"},"canonical":"https:\/\/yelabrodesser.com\/?page_id=142","og_locale":"de_DE","og_type":"article","og_title":"\u00dcber mich - Yela Brodesser","og_description":"&nbsp; Mag. Yela Brodesser, Musikerin, Perkussionistin und Autorin \u2026 wurde in Wien geboren und studierte Soziologie und Publizistik. W\u00e4hrend des Studiums verschlug es sie nach Westafrika, wo sie neben Land und Leuten die lokale Perkussionsmusik kennen- und lieben lernte. Gemeinsam mit ihrem Mann und ihrer Tochter lebt sie im \u00f6sterreichischen Waldviertel und leitet das \u201eRhytmotop-Institut f\u00fcr Rhythmuserfahrung\u201c. Seit vielen Jahren ist sie Mitglied diverser Bands und Musikprojekte und h\u00e4lt Workshops und Fortbildungsseminare. Sie hat bei mehreren CD-Produktionen mitgewirkt und einige B\u00fccher ver\u00f6ffentlicht. Yelas Lebensrhythmus lag lange Zeit in Afrika. Inspiriert durch ihre Liebe zu diesem Kontinent und ihre zahlreichen Reisen schrieb sie ihren ersten Roman \u201eRote Erde\u201c, der 2018 in der Edition Mokka erschienen ist. Dieser Roman spielt in Guinea, Westafrika und l\u00e4sst den\/die LeserIn tief in die spannende Musikszene, aber auch die schwierige, politische Situation dieses Landes eintauchen. Der Fortsetzungsroman \u201eGestrandet\u201c ist gerade frisch ver\u00f6ffentlicht worden. Dieses Buch thematisiert die Flucht der Hauptfigur von Westafrika nach Europa.","og_url":"https:\/\/yelabrodesser.com\/?page_id=142","og_site_name":"Yela Brodesser","article_modified_time":"2023-03-06T14:44:44+00:00","twitter_card":"summary_large_image","twitter_misc":{"Gesch\u00e4tzte Lesezeit":"1 Minute"},"schema":{"@context":"https:\/\/schema.org","@graph":[{"@type":"WebPage","@id":"https:\/\/yelabrodesser.com\/?page_id=142","url":"https:\/\/yelabrodesser.com\/?page_id=142","name":"\u00dcber mich - Yela Brodesser","isPartOf":{"@id":"https:\/\/yelabrodesser.com\/#website"},"datePublished":"2021-09-29T13:47:56+00:00","dateModified":"2023-03-06T14:44:44+00:00","breadcrumb":{"@id":"https:\/\/yelabrodesser.com\/?page_id=142#breadcrumb"},"inLanguage":"de-AT","potentialAction":[{"@type":"ReadAction","target":["https:\/\/yelabrodesser.com\/?page_id=142"]}]},{"@type":"BreadcrumbList","@id":"https:\/\/yelabrodesser.com\/?page_id=142#breadcrumb","itemListElement":[{"@type":"ListItem","position":1,"name":"Home","item":"https:\/\/yelabrodesser.com\/"},{"@type":"ListItem","position":2,"name":"\u00dcber mich"}]},{"@type":"WebSite","@id":"https:\/\/yelabrodesser.com\/#website","url":"https:\/\/yelabrodesser.com\/","name":"Yela Brodesser","description":"","potentialAction":[{"@type":"SearchAction","target":{"@type":"EntryPoint","urlTemplate":"https:\/\/yelabrodesser.com\/?s={search_term_string}"},"query-input":"required name=search_term_string"}],"inLanguage":"de-AT"}]}},"_links":{"self":[{"href":"https:\/\/yelabrodesser.com\/index.php?rest_route=\/wp\/v2\/pages\/142","targetHints":{"allow":["GET"]}}],"collection":[{"href":"https:\/\/yelabrodesser.com\/index.php?rest_route=\/wp\/v2\/pages"}],"about":[{"href":"https:\/\/yelabrodesser.com\/index.php?rest_route=\/wp\/v2\/types\/page"}],"author":[{"embeddable":true,"href":"https:\/\/yelabrodesser.com\/index.php?rest_route=\/wp\/v2\/users\/1"}],"replies":[{"embeddable":true,"href":"https:\/\/yelabrodesser.com\/index.php?rest_route=%2Fwp%2Fv2%2Fcomments&post=142"}],"version-history":[{"count":21,"href":"https:\/\/yelabrodesser.com\/index.php?rest_route=\/wp\/v2\/pages\/142\/revisions"}],"predecessor-version":[{"id":456,"href":"https:\/\/yelabrodesser.com\/index.php?rest_route=\/wp\/v2\/pages\/142\/revisions\/456"}],"wp:attachment":[{"href":"https:\/\/yelabrodesser.com\/index.php?rest_route=%2Fwp%2Fv2%2Fmedia&parent=142"}],"curies":[{"name":"wp","href":"https:\/\/api.w.org\/{rel}","templated":true}]}}