{"id":153,"date":"2021-09-29T13:59:21","date_gmt":"2021-09-29T13:59:21","guid":{"rendered":"https:\/\/yelabrodesser.com\/?page_id=153"},"modified":"2025-12-28T16:40:19","modified_gmt":"2025-12-28T16:40:19","slug":"meine-buecher","status":"publish","type":"page","link":"https:\/\/yelabrodesser.com\/?page_id=153","title":{"rendered":"B\u00fccher"},"content":{"rendered":"<div id=\"pl-153\"  class=\"panel-layout\" ><div id=\"pg-153-0\"  class=\"panel-grid panel-no-style\" ><div id=\"pgc-153-0-0\"  class=\"panel-grid-cell\" ><div id=\"panel-153-0-0-0\" class=\"so-panel widget widget_sow-editor panel-first-child panel-last-child\" data-index=\"0\" ><div\n\t\t\t\n\t\t\tclass=\"so-widget-sow-editor so-widget-sow-editor-base\"\n\t\t\t\n\t\t>\n<div class=\"siteorigin-widget-tinymce textwidget\">\n\t<p>Hier findest du meine Publikationen. Du kannst sie im Fachhandel oder direkt bei mir unter <a href=\"mailto:leelaa@gmx.at\">leelaa@gmx.at<\/a> bestellen.<\/p>\n<p>&nbsp;<\/p>\n<\/div>\n<\/div><\/div><\/div><\/div><div id=\"pg-153-1\"  class=\"panel-grid panel-no-style\" ><div id=\"pgc-153-1-0\"  class=\"panel-grid-cell\" ><div id=\"panel-153-1-0-0\" class=\"so-panel widget widget_sow-image panel-first-child panel-last-child\" data-index=\"1\" ><div\n\t\t\t\n\t\t\tclass=\"so-widget-sow-image so-widget-sow-image-default-17bc2272b535-153\"\n\t\t\t\n\t\t>\n\n<div class=\"sow-image-container\">\n\t\t<img decoding=\"async\" src=\"https:\/\/yelabrodesser.com\/wp-content\/uploads\/2022\/12\/Cover-Gestrandet-Front-189x300.jpg\" width=\"189\" height=\"300\" srcset=\"https:\/\/yelabrodesser.com\/wp-content\/uploads\/2022\/12\/Cover-Gestrandet-Front-189x300.jpg 189w, https:\/\/yelabrodesser.com\/wp-content\/uploads\/2022\/12\/Cover-Gestrandet-Front.jpg 382w\" sizes=\"auto, (max-width: 189px) 100vw, 189px\" title=\"Cover Gestrandet Front\" alt=\"\" loading=\"lazy\" \t\tclass=\"so-widget-image\"\/>\n\t<\/div>\n\n<\/div><\/div><\/div><div id=\"pgc-153-1-1\"  class=\"panel-grid-cell\" ><div id=\"panel-153-1-1-0\" class=\"so-panel widget widget_sow-editor panel-first-child panel-last-child\" data-index=\"2\" ><div\n\t\t\t\n\t\t\tclass=\"so-widget-sow-editor so-widget-sow-editor-base\"\n\t\t\t\n\t\t>\n<div class=\"siteorigin-widget-tinymce textwidget\">\n\t<div id=\"pgc-351-8-1\" class=\"panel-grid-cell\">\n<div id=\"panel-351-8-1-0\" class=\"so-panel widget widget_sow-editor panel-first-child panel-last-child\" data-index=\"16\">\n<div class=\"so-widget-sow-editor so-widget-sow-editor-base\">\n<p class=\"widget-title\" style=\"text-align: left;\"><strong>GESTRANDET: ein Roman von Yela Brodesser<\/strong><\/p>\n<div class=\"siteorigin-widget-tinymce textwidget\">\n<p>Fode sitzt im Senegal fest, nachdem er wegen politischer Verfolgung aus seinem Heimatland Guinea fl\u00fcchten musste. Seine Freundin Hannah versucht in Wien alle Hebel in Bewegung zu setzen, um ihm eine Einreise nach \u00d6sterreich zu erm\u00f6glichen. Doch die b\u00fcrokratischen Hindernisse sind un\u00fcberwindbar, und Fode sieht sich gezwungen, die Flucht \u00fcber Mali, Niger, Libyen und die Mittelmeerroute nach Sizilien anzutreten. Wird er brutale Schlepper, die endlose W\u00fcste und das furchterregende Meer \u00fcberleben?<\/p>\n<\/div>\n<\/div>\n<\/div>\n<div id=\"panel-351-8-1-0\" class=\"so-panel widget widget_sow-editor panel-first-child panel-last-child\" data-index=\"16\">\n<div class=\"so-widget-sow-editor so-widget-sow-editor-base\">\n<div class=\"siteorigin-widget-tinymce textwidget\">\n<p><a href=\"https:\/\/yelabrodesser.com\/?page_id=408\">...mehr...<\/a><\/p>\n<\/div>\n<\/div>\n<\/div>\n<\/div>\n<\/div>\n<\/div><\/div><\/div><\/div><div id=\"pg-153-2\"  class=\"panel-grid panel-no-style\" ><div id=\"pgc-153-2-0\"  class=\"panel-grid-cell\" ><div id=\"panel-153-2-0-0\" class=\"so-panel widget widget_sow-editor panel-first-child panel-last-child\" data-index=\"3\" ><div\n\t\t\t\n\t\t\tclass=\"so-widget-sow-editor so-widget-sow-editor-base\"\n\t\t\t\n\t\t>\n<div class=\"siteorigin-widget-tinymce textwidget\">\n\t<hr \/>\n<p>&nbsp;<\/p>\n<\/div>\n<\/div><\/div><\/div><\/div><div id=\"pg-153-3\"  class=\"panel-grid panel-no-style\" ><div id=\"pgc-153-3-0\"  class=\"panel-grid-cell\" ><div id=\"panel-153-3-0-0\" class=\"so-panel widget widget_sow-image panel-first-child panel-last-child\" data-index=\"4\" ><div\n\t\t\t\n\t\t\tclass=\"so-widget-sow-image so-widget-sow-image-default-17bc2272b535-153\"\n\t\t\t\n\t\t>\n\n<div class=\"sow-image-container\">\n\t\t<img decoding=\"async\" src=\"https:\/\/yelabrodesser.com\/wp-content\/uploads\/2025\/12\/Hoerbuch-Cover-Gestrandet-150x150.jpg\" width=\"150\" height=\"150\" srcset=\"https:\/\/yelabrodesser.com\/wp-content\/uploads\/2025\/12\/Hoerbuch-Cover-Gestrandet-150x150.jpg 150w, https:\/\/yelabrodesser.com\/wp-content\/uploads\/2025\/12\/Hoerbuch-Cover-Gestrandet-300x300.jpg 300w, https:\/\/yelabrodesser.com\/wp-content\/uploads\/2025\/12\/Hoerbuch-Cover-Gestrandet-1024x1024.jpg 1024w, https:\/\/yelabrodesser.com\/wp-content\/uploads\/2025\/12\/Hoerbuch-Cover-Gestrandet-768x768.jpg 768w, https:\/\/yelabrodesser.com\/wp-content\/uploads\/2025\/12\/Hoerbuch-Cover-Gestrandet-1536x1536.jpg 1536w, https:\/\/yelabrodesser.com\/wp-content\/uploads\/2025\/12\/Hoerbuch-Cover-Gestrandet-2048x2048.jpg 2048w, https:\/\/yelabrodesser.com\/wp-content\/uploads\/2025\/12\/Hoerbuch-Cover-Gestrandet-1140x1140.jpg 1140w, https:\/\/yelabrodesser.com\/wp-content\/uploads\/2025\/12\/Hoerbuch-Cover-Gestrandet-75x75.jpg 75w\" sizes=\"auto, (max-width: 150px) 100vw, 150px\" title=\"H\u00f6rbuch Cover Gestrandet\" alt=\"\" loading=\"lazy\" \t\tclass=\"so-widget-image\"\/>\n\t<\/div>\n\n<\/div><\/div><\/div><div id=\"pgc-153-3-1\"  class=\"panel-grid-cell\" ><div id=\"panel-153-3-1-0\" class=\"so-panel widget widget_sow-editor panel-first-child panel-last-child\" data-index=\"5\" ><div\n\t\t\t\n\t\t\tclass=\"so-widget-sow-editor so-widget-sow-editor-base\"\n\t\t\t\n\t\t>\n<div class=\"siteorigin-widget-tinymce textwidget\">\n\t<div id=\"pgc-351-8-1\" class=\"panel-grid-cell\">\n<div id=\"panel-351-8-1-0\" class=\"so-panel widget widget_sow-editor panel-first-child panel-last-child\" data-index=\"16\">\n<div class=\"so-widget-sow-editor so-widget-sow-editor-base\">\n<p class=\"widget-title\" style=\"text-align: left;\"><strong>H\u00d6RBUCH: GESTRANDET<\/strong><\/p>\n<div class=\"so-widget-sow-editor so-widget-sow-editor-base\">\n<div class=\"siteorigin-widget-tinymce textwidget\">\n<div class=\"siteorigin-widget-tinymce textwidget\">\u00a92023 Yela Brodesser (P)2025 H\u00f6rbuchmanufaktur Berlin<\/div>\n<div>Sprecherin: Astrid Haag<\/div>\n<div class=\"siteorigin-widget-tinymce textwidget\">\n<div class=\"line\" role=\"group\" data-testid=\"line\">\n<div class=\"label\" role=\"term\">Erscheinungsdatum: 15.12.2025<\/div>\n<\/div>\n<div class=\"line\" role=\"group\" data-testid=\"line\">\n<div class=\"label\" role=\"term\">Sprache: Deutsch<\/div>\n<\/div>\n<div class=\"line\" role=\"group\" data-testid=\"line\">\n<div class=\"label\" role=\"term\">Format: H\u00f6rspiel<\/div>\n<\/div>\n<div class=\"line\" role=\"group\" data-testid=\"line\">\n<div class=\"label\" role=\"term\">Spieldauer: 9 Std. und 47 Min.<\/div>\n<\/div>\n<div class=\"line\" role=\"group\" data-testid=\"line\"><\/div>\n<p><a href=\"https:\/\/www.audible.de\/pd\/Gestrandet-Hoerbuch\/B0G3WW1NDX\">AUDIBLE<\/a><\/p>\n<\/div>\n<p>&nbsp;<\/p>\n<\/div>\n<\/div>\n<\/div>\n<\/div>\n<\/div>\n<\/div>\n<\/div><\/div><\/div><\/div><div id=\"pg-153-4\"  class=\"panel-grid panel-no-style\" ><div id=\"pgc-153-4-0\"  class=\"panel-grid-cell\" ><div id=\"panel-153-4-0-0\" class=\"so-panel widget widget_sow-editor panel-first-child panel-last-child\" data-index=\"6\" ><div\n\t\t\t\n\t\t\tclass=\"so-widget-sow-editor so-widget-sow-editor-base\"\n\t\t\t\n\t\t>\n<div class=\"siteorigin-widget-tinymce textwidget\">\n\t<hr \/>\n<p>&nbsp;<\/p>\n<\/div>\n<\/div><\/div><\/div><\/div><div id=\"pg-153-5\"  class=\"panel-grid panel-no-style\" ><div id=\"pgc-153-5-0\"  class=\"panel-grid-cell\" ><div id=\"panel-153-5-0-0\" class=\"so-panel widget widget_sow-image panel-first-child panel-last-child\" data-index=\"7\" ><div\n\t\t\t\n\t\t\tclass=\"so-widget-sow-image so-widget-sow-image-default-17bc2272b535-153\"\n\t\t\t\n\t\t>\n\n<div class=\"sow-image-container\">\n\t\t<img decoding=\"async\" src=\"https:\/\/yelabrodesser.com\/wp-content\/uploads\/2021\/09\/Rote_Erde_Cover-Verlag_web-180x300.jpg\" width=\"180\" height=\"300\" srcset=\"https:\/\/yelabrodesser.com\/wp-content\/uploads\/2021\/09\/Rote_Erde_Cover-Verlag_web-180x300.jpg 180w, https:\/\/yelabrodesser.com\/wp-content\/uploads\/2021\/09\/Rote_Erde_Cover-Verlag_web.jpg 294w\" sizes=\"auto, (max-width: 180px) 100vw, 180px\" title=\"Rote_Erde_Cover Verlag_web\" alt=\"\" loading=\"lazy\" \t\tclass=\"so-widget-image\"\/>\n\t<\/div>\n\n<\/div><\/div><\/div><div id=\"pgc-153-5-1\"  class=\"panel-grid-cell\" ><div id=\"panel-153-5-1-0\" class=\"so-panel widget widget_sow-editor panel-first-child panel-last-child\" data-index=\"8\" ><div\n\t\t\t\n\t\t\tclass=\"so-widget-sow-editor so-widget-sow-editor-base\"\n\t\t\t\n\t\t>\n<div class=\"siteorigin-widget-tinymce textwidget\">\n\t<div id=\"pgc-351-8-1\" class=\"panel-grid-cell\">\n<div id=\"panel-351-8-1-0\" class=\"so-panel widget widget_sow-editor panel-first-child panel-last-child\" data-index=\"16\">\n<div class=\"so-widget-sow-editor so-widget-sow-editor-base\">\n<p class=\"widget-title\" style=\"text-align: left;\"><strong>ROTE ERDE: ein Roman von Yela Brodesser<\/strong><\/p>\n<div class=\"siteorigin-widget-tinymce textwidget\">\n<p>Hannah reist nach Guinea und taucht in die lebendige Musikszene Conakrys ein. Das faszinierende afrikanische Leben zieht sie in seinen Bann. Sie verliebt sich in einen Musiker und erkundet gemeinsam mit ihm das bunte Treiben der Gro\u00dfstadt. Bald findet jedoch eine Demonstration statt, die vom Milit\u00e4r brutal niedergeschossen wird und pl\u00f6tzlich herrschen b\u00fcrgerkriegs\u00e4hnliche Zust\u00e4nde in der Stadt. Hannahs Freund ist in die politischen Wirren involviert und muss fliehen. Hannah begleitet ihn kurz entschlossen auf seiner gef\u00e4hrlichen Flucht.<\/p>\n<\/div>\n<\/div>\n<\/div>\n<div id=\"panel-351-8-1-0\" class=\"so-panel widget widget_sow-editor panel-first-child panel-last-child\" data-index=\"16\">\n<div class=\"so-widget-sow-editor so-widget-sow-editor-base\">\n<div class=\"siteorigin-widget-tinymce textwidget\">\n<p><a href=\"https:\/\/yelabrodesser.com\/?page_id=171\">...mehr...<\/a><\/p>\n<\/div>\n<\/div>\n<\/div>\n<\/div>\n<\/div>\n<\/div><\/div><\/div><\/div><div id=\"pg-153-6\"  class=\"panel-grid panel-no-style\" ><div id=\"pgc-153-6-0\"  class=\"panel-grid-cell\" ><div id=\"panel-153-6-0-0\" class=\"so-panel widget widget_sow-editor panel-first-child panel-last-child\" data-index=\"9\" ><div\n\t\t\t\n\t\t\tclass=\"so-widget-sow-editor so-widget-sow-editor-base\"\n\t\t\t\n\t\t>\n<div class=\"siteorigin-widget-tinymce textwidget\">\n\t<hr \/>\n<p>&nbsp;<\/p>\n<\/div>\n<\/div><\/div><\/div><\/div><div id=\"pg-153-7\"  class=\"panel-grid panel-no-style\" ><div id=\"pgc-153-7-0\"  class=\"panel-grid-cell\" ><div id=\"panel-153-7-0-0\" class=\"so-panel widget widget_sow-image panel-first-child panel-last-child\" data-index=\"10\" ><div\n\t\t\t\n\t\t\tclass=\"so-widget-sow-image so-widget-sow-image-default-17bc2272b535-153\"\n\t\t\t\n\t\t>\n\n<div class=\"sow-image-container\">\n\t\t<img decoding=\"async\" src=\"https:\/\/yelabrodesser.com\/wp-content\/uploads\/2021\/09\/Bum-Bum-Tak-Cover-212x300.jpg\" width=\"212\" height=\"300\" srcset=\"https:\/\/yelabrodesser.com\/wp-content\/uploads\/2021\/09\/Bum-Bum-Tak-Cover-212x300.jpg 212w, https:\/\/yelabrodesser.com\/wp-content\/uploads\/2021\/09\/Bum-Bum-Tak-Cover-724x1024.jpg 724w, https:\/\/yelabrodesser.com\/wp-content\/uploads\/2021\/09\/Bum-Bum-Tak-Cover-768x1086.jpg 768w, https:\/\/yelabrodesser.com\/wp-content\/uploads\/2021\/09\/Bum-Bum-Tak-Cover.jpg 850w\" sizes=\"auto, (max-width: 212px) 100vw, 212px\" alt=\"\" loading=\"lazy\" \t\tclass=\"so-widget-image\"\/>\n\t<\/div>\n\n<\/div><\/div><\/div><div id=\"pgc-153-7-1\"  class=\"panel-grid-cell\" ><div id=\"panel-153-7-1-0\" class=\"so-panel widget widget_sow-editor panel-first-child panel-last-child\" data-index=\"11\" ><div\n\t\t\t\n\t\t\tclass=\"so-widget-sow-editor so-widget-sow-editor-base\"\n\t\t\t\n\t\t>\n<div class=\"siteorigin-widget-tinymce textwidget\">\n\t<div id=\"pgc-351-4-1\" class=\"panel-grid-cell\">\n<div id=\"panel-351-4-1-0\" class=\"so-panel widget widget_sow-editor panel-first-child panel-last-child\" data-index=\"8\">\n<div class=\"so-widget-sow-editor so-widget-sow-editor-base\">\n<p class=\"widget-title\" style=\"text-align: left;\"><strong>Bum Bum Tak- Trommeln mit Kindern (inkl. CD)<\/strong><\/p>\n<div class=\"siteorigin-widget-tinymce textwidget\">\n<p style=\"text-align: left;\">Lassen Sie sich von diesem Buch inspirieren und erfahren Sie zusammen mit Ihren Kindergruppen die Kraft des Rhythmus.<br \/>\nDas Buch richtet sich an Lehrkr\u00e4fte mit viel oder wenig eigener Trommelerfahrung, die Kinder in Schulen und Freizeiteinrichtungen unterrichten und ihnen das Spiel an der Trommel vermitteln m\u00f6chten. Ein reichhaltiges Angebot an afrikanischen Rhythmen, Liedern und Spielen f\u00fcr die ganze Klasse sorgt f\u00fcr viel musikalische Abwechslung, Spa\u00df und p\u00e4dagogische Vielfalt....<\/p>\n<p>&nbsp;<\/p>\n<p style=\"text-align: left;\"><a href=\"https:\/\/yelabrodesser.com\/?page_id=179\">...mehr...<\/a><\/p>\n<\/div>\n<\/div>\n<\/div>\n<\/div>\n<\/div>\n<\/div><\/div><\/div><\/div><\/div>","protected":false},"excerpt":{"rendered":"<p>Hier findest du meine Publikationen. Du kannst sie im Fachhandel oder direkt bei mir unter leelaa@gmx.at bestellen. &nbsp; GESTRANDET: ein Roman von Yela Brodesser Fode sitzt im Senegal fest, nachdem er wegen politischer Verfolgung aus seinem Heimatland Guinea fl\u00fcchten musste. Seine Freundin Hannah versucht in Wien alle Hebel in Bewegung zu setzen, um ihm eine Einreise nach \u00d6sterreich zu erm\u00f6glichen. Doch die b\u00fcrokratischen Hindernisse sind un\u00fcberwindbar, und Fode sieht sich gezwungen, die Flucht \u00fcber Mali, Niger, Libyen und die Mittelmeerroute nach Sizilien anzutreten. Wird er brutale Schlepper, die endlose W\u00fcste und das furchterregende Meer \u00fcberleben? &#8230;mehr&#8230;<\/p>\n","protected":false},"author":1,"featured_media":0,"parent":0,"menu_order":0,"comment_status":"closed","ping_status":"closed","template":"","meta":{"footnotes":""},"class_list":["post-153","page","type-page","status-publish","hentry"],"yoast_head":"<!-- This site is optimized with the Yoast SEO plugin v20.4 - https:\/\/yoast.com\/wordpress\/plugins\/seo\/ -->\n<title>B\u00fccher - Yela Brodesser<\/title>\n<meta name=\"robots\" content=\"index, follow, max-snippet:-1, max-image-preview:large, max-video-preview:-1\" \/>\n<link rel=\"canonical\" href=\"https:\/\/yelabrodesser.com\/?page_id=153\" \/>\n<meta property=\"og:locale\" content=\"de_DE\" \/>\n<meta property=\"og:type\" content=\"article\" \/>\n<meta property=\"og:title\" content=\"B\u00fccher - Yela Brodesser\" \/>\n<meta property=\"og:description\" content=\"Hier findest du meine Publikationen. Du kannst sie im Fachhandel oder direkt bei mir unter leelaa@gmx.at bestellen. &nbsp; GESTRANDET: ein Roman von Yela Brodesser Fode sitzt im Senegal fest, nachdem er wegen politischer Verfolgung aus seinem Heimatland Guinea fl\u00fcchten musste. Seine Freundin Hannah versucht in Wien alle Hebel in Bewegung zu setzen, um ihm eine Einreise nach \u00d6sterreich zu erm\u00f6glichen. Doch die b\u00fcrokratischen Hindernisse sind un\u00fcberwindbar, und Fode sieht sich gezwungen, die Flucht \u00fcber Mali, Niger, Libyen und die Mittelmeerroute nach Sizilien anzutreten. Wird er brutale Schlepper, die endlose W\u00fcste und das furchterregende Meer \u00fcberleben? ...mehr...\" \/>\n<meta property=\"og:url\" content=\"https:\/\/yelabrodesser.com\/?page_id=153\" \/>\n<meta property=\"og:site_name\" content=\"Yela Brodesser\" \/>\n<meta property=\"article:modified_time\" content=\"2025-12-28T16:40:19+00:00\" \/>\n<meta name=\"twitter:card\" content=\"summary_large_image\" \/>\n<meta name=\"twitter:label1\" content=\"Gesch\u00e4tzte Lesezeit\" \/>\n\t<meta name=\"twitter:data1\" content=\"2 Minuten\" \/>\n<script type=\"application\/ld+json\" class=\"yoast-schema-graph\">{\"@context\":\"https:\/\/schema.org\",\"@graph\":[{\"@type\":\"WebPage\",\"@id\":\"https:\/\/yelabrodesser.com\/?page_id=153\",\"url\":\"https:\/\/yelabrodesser.com\/?page_id=153\",\"name\":\"B\u00fccher - Yela Brodesser\",\"isPartOf\":{\"@id\":\"https:\/\/yelabrodesser.com\/#website\"},\"datePublished\":\"2021-09-29T13:59:21+00:00\",\"dateModified\":\"2025-12-28T16:40:19+00:00\",\"breadcrumb\":{\"@id\":\"https:\/\/yelabrodesser.com\/?page_id=153#breadcrumb\"},\"inLanguage\":\"de-AT\",\"potentialAction\":[{\"@type\":\"ReadAction\",\"target\":[\"https:\/\/yelabrodesser.com\/?page_id=153\"]}]},{\"@type\":\"BreadcrumbList\",\"@id\":\"https:\/\/yelabrodesser.com\/?page_id=153#breadcrumb\",\"itemListElement\":[{\"@type\":\"ListItem\",\"position\":1,\"name\":\"Home\",\"item\":\"https:\/\/yelabrodesser.com\/\"},{\"@type\":\"ListItem\",\"position\":2,\"name\":\"B\u00fccher\"}]},{\"@type\":\"WebSite\",\"@id\":\"https:\/\/yelabrodesser.com\/#website\",\"url\":\"https:\/\/yelabrodesser.com\/\",\"name\":\"Yela Brodesser\",\"description\":\"\",\"potentialAction\":[{\"@type\":\"SearchAction\",\"target\":{\"@type\":\"EntryPoint\",\"urlTemplate\":\"https:\/\/yelabrodesser.com\/?s={search_term_string}\"},\"query-input\":\"required name=search_term_string\"}],\"inLanguage\":\"de-AT\"}]}<\/script>\n<!-- \/ Yoast SEO plugin. -->","yoast_head_json":{"title":"B\u00fccher - Yela Brodesser","robots":{"index":"index","follow":"follow","max-snippet":"max-snippet:-1","max-image-preview":"max-image-preview:large","max-video-preview":"max-video-preview:-1"},"canonical":"https:\/\/yelabrodesser.com\/?page_id=153","og_locale":"de_DE","og_type":"article","og_title":"B\u00fccher - Yela Brodesser","og_description":"Hier findest du meine Publikationen. Du kannst sie im Fachhandel oder direkt bei mir unter leelaa@gmx.at bestellen. &nbsp; GESTRANDET: ein Roman von Yela Brodesser Fode sitzt im Senegal fest, nachdem er wegen politischer Verfolgung aus seinem Heimatland Guinea fl\u00fcchten musste. Seine Freundin Hannah versucht in Wien alle Hebel in Bewegung zu setzen, um ihm eine Einreise nach \u00d6sterreich zu erm\u00f6glichen. Doch die b\u00fcrokratischen Hindernisse sind un\u00fcberwindbar, und Fode sieht sich gezwungen, die Flucht \u00fcber Mali, Niger, Libyen und die Mittelmeerroute nach Sizilien anzutreten. Wird er brutale Schlepper, die endlose W\u00fcste und das furchterregende Meer \u00fcberleben? ...mehr...","og_url":"https:\/\/yelabrodesser.com\/?page_id=153","og_site_name":"Yela Brodesser","article_modified_time":"2025-12-28T16:40:19+00:00","twitter_card":"summary_large_image","twitter_misc":{"Gesch\u00e4tzte Lesezeit":"2 Minuten"},"schema":{"@context":"https:\/\/schema.org","@graph":[{"@type":"WebPage","@id":"https:\/\/yelabrodesser.com\/?page_id=153","url":"https:\/\/yelabrodesser.com\/?page_id=153","name":"B\u00fccher - Yela Brodesser","isPartOf":{"@id":"https:\/\/yelabrodesser.com\/#website"},"datePublished":"2021-09-29T13:59:21+00:00","dateModified":"2025-12-28T16:40:19+00:00","breadcrumb":{"@id":"https:\/\/yelabrodesser.com\/?page_id=153#breadcrumb"},"inLanguage":"de-AT","potentialAction":[{"@type":"ReadAction","target":["https:\/\/yelabrodesser.com\/?page_id=153"]}]},{"@type":"BreadcrumbList","@id":"https:\/\/yelabrodesser.com\/?page_id=153#breadcrumb","itemListElement":[{"@type":"ListItem","position":1,"name":"Home","item":"https:\/\/yelabrodesser.com\/"},{"@type":"ListItem","position":2,"name":"B\u00fccher"}]},{"@type":"WebSite","@id":"https:\/\/yelabrodesser.com\/#website","url":"https:\/\/yelabrodesser.com\/","name":"Yela Brodesser","description":"","potentialAction":[{"@type":"SearchAction","target":{"@type":"EntryPoint","urlTemplate":"https:\/\/yelabrodesser.com\/?s={search_term_string}"},"query-input":"required name=search_term_string"}],"inLanguage":"de-AT"}]}},"_links":{"self":[{"href":"https:\/\/yelabrodesser.com\/index.php?rest_route=\/wp\/v2\/pages\/153","targetHints":{"allow":["GET"]}}],"collection":[{"href":"https:\/\/yelabrodesser.com\/index.php?rest_route=\/wp\/v2\/pages"}],"about":[{"href":"https:\/\/yelabrodesser.com\/index.php?rest_route=\/wp\/v2\/types\/page"}],"author":[{"embeddable":true,"href":"https:\/\/yelabrodesser.com\/index.php?rest_route=\/wp\/v2\/users\/1"}],"replies":[{"embeddable":true,"href":"https:\/\/yelabrodesser.com\/index.php?rest_route=%2Fwp%2Fv2%2Fcomments&post=153"}],"version-history":[{"count":54,"href":"https:\/\/yelabrodesser.com\/index.php?rest_route=\/wp\/v2\/pages\/153\/revisions"}],"predecessor-version":[{"id":576,"href":"https:\/\/yelabrodesser.com\/index.php?rest_route=\/wp\/v2\/pages\/153\/revisions\/576"}],"wp:attachment":[{"href":"https:\/\/yelabrodesser.com\/index.php?rest_route=%2Fwp%2Fv2%2Fmedia&parent=153"}],"curies":[{"name":"wp","href":"https:\/\/api.w.org\/{rel}","templated":true}]}}