{"id":179,"date":"2021-09-29T14:21:17","date_gmt":"2021-09-29T14:21:17","guid":{"rendered":"https:\/\/yelabrodesser.com\/?page_id=179"},"modified":"2022-12-08T17:04:50","modified_gmt":"2022-12-08T17:04:50","slug":"bum-bum-tak-2","status":"publish","type":"page","link":"https:\/\/yelabrodesser.com\/?page_id=179","title":{"rendered":"Bum Bum Tak"},"content":{"rendered":"<div id=\"pl-179\"  class=\"panel-layout\" ><div id=\"pg-179-0\"  class=\"panel-grid panel-no-style\" ><div id=\"pgc-179-0-0\"  class=\"panel-grid-cell\" ><div id=\"panel-179-0-0-0\" class=\"so-panel widget widget_sow-editor panel-first-child\" data-index=\"0\" ><div\n\t\t\t\n\t\t\tclass=\"so-widget-sow-editor so-widget-sow-editor-base\"\n\t\t\t\n\t\t>\n<div class=\"siteorigin-widget-tinymce textwidget\">\n\t<p>Lassen Sie sich von diesem Buch inspirieren und erfahren Sie zusammen mit Ihren Kindergruppen die Kraft des Rhythmus.<br \/>\nDas Buch richtet sich an Lehrkr\u00e4fte mit viel oder wenig eigener Trommelerfahrung, die Kinder in Schulen und Freizeiteinrichtungen unterrichten und ihnen das Spiel an der Trommel vermitteln m\u00f6chten. Ein reichhaltiges Angebot an afrikanischen Rhythmen, Liedern und Spielen f\u00fcr die ganze Klasse sorgt f\u00fcr viel musikalische Abwechslung, Spa\u00df und p\u00e4dagogische Vielfalt.<br \/>\nDie Kinder erlernen einfache Spieltechniken an Djemben und anderen Handtrommeln und erarbeiten mit Hilfe von Trommelsilben und Sprechversen unterschiedliche Rhythmusarrangements. Viele Lieder, Rhythmus-, Klang- und Bewegungs\u00fcbungen erleichtern den spielerischen Einstieg ins rhythmische Musizieren, und eine einfache Notation erm\u00f6glicht das schnelle Verst\u00e4ndnis der Rhythmen. Dazu gibt es einige mit kleinen Geschichten verbundene B\u00fchnenst\u00fccke, die als Inspiration f\u00fcr erste Trommel-Auff\u00fchrungen dienen.<br \/>\nAuf der beiliegenden CD h\u00f6ren Sie Einspielungen aller Lieder sowie verschiedener Trommel\u00fcbungen, -Rhythmen und -Soli.<\/p>\n<\/div>\n<\/div><\/div><div id=\"panel-179-0-0-1\" class=\"so-panel widget widget_sow-image\" data-index=\"1\" ><div\n\t\t\t\n\t\t\tclass=\"so-widget-sow-image so-widget-sow-image-default-d6014b76747a-179\"\n\t\t\t\n\t\t>\n\n<div class=\"sow-image-container\">\n\t\t<img decoding=\"async\" src=\"https:\/\/yelabrodesser.com\/wp-content\/uploads\/2021\/09\/Bum-Bum-Tak-Cover-212x300.jpg\" width=\"212\" height=\"300\" srcset=\"https:\/\/yelabrodesser.com\/wp-content\/uploads\/2021\/09\/Bum-Bum-Tak-Cover-212x300.jpg 212w, https:\/\/yelabrodesser.com\/wp-content\/uploads\/2021\/09\/Bum-Bum-Tak-Cover-724x1024.jpg 724w, https:\/\/yelabrodesser.com\/wp-content\/uploads\/2021\/09\/Bum-Bum-Tak-Cover-768x1086.jpg 768w, https:\/\/yelabrodesser.com\/wp-content\/uploads\/2021\/09\/Bum-Bum-Tak-Cover.jpg 850w\" sizes=\"auto, (max-width: 212px) 100vw, 212px\" alt=\"\" loading=\"lazy\" \t\tclass=\"so-widget-image\"\/>\n\t<\/div>\n\n<\/div><\/div><div id=\"panel-179-0-0-2\" class=\"so-panel widget widget_sow-editor panel-last-child\" data-index=\"2\" ><div\n\t\t\t\n\t\t\tclass=\"so-widget-sow-editor so-widget-sow-editor-base\"\n\t\t\t\n\t\t>\n<div class=\"siteorigin-widget-tinymce textwidget\">\n\t<p><strong>Aus dem Inhalt:<\/strong> Erste Schritte und Basics \u2022 Der Rhythmuswechsel \u2022 Mehrstimmiges Spielen \u2022 Erweiterte Spieltechnik \u2022 Arbeiten mit Noten \u2022 Solos \u2022 Kleinperkussionsinstrumente \u2022 Einfache Blumentopftrommeln basteln \u2022 Klangspiele \u2022 Bewegungsspiele \u2022 Wahrnehmungsspiele \u2022 Bodypercussion \u2022 B\u00fchnenst\u00fccke<\/p>\n<p><strong>Die Lieder:<\/strong> Bum Bum Tak \u2022 I ni tile (Guten Morgen) \u2022 Sanji (Regenlied) \u2022 Negeso (Fahrradlied) \u2022 Oh Waninde (Abschiedslied) \u2022 Aw be soma (Begr\u00fc\u00dfungslied) \u2022 Zehn kleine Trommler \u2022 Rukituk (Sammeltaxilied) \u2022 Kabatsch (Der Baum am Fluss) \u2022 Triki Tiki (Der Dorfschmied)<\/p>\n<p>Preis: 24,90 \u20ac + Versandkosten<\/p>\n<p>ISBN: 978-3-87226-929-4<\/p>\n<p>&nbsp;<\/p>\n<p>Bestellung unter:<a href=\"mailto:info@yelabrodesser.com\"> info@yelabrodesser.com<\/a><\/p>\n<p>&nbsp;<\/p>\n<\/div>\n<\/div><\/div><\/div><\/div><\/div>","protected":false},"excerpt":{"rendered":"<p>Lassen Sie sich von diesem Buch inspirieren und erfahren Sie zusammen mit Ihren Kindergruppen die Kraft des Rhythmus. Das Buch richtet sich an Lehrkr\u00e4fte mit viel oder wenig eigener Trommelerfahrung, die Kinder in Schulen und Freizeiteinrichtungen unterrichten und ihnen das Spiel an der Trommel vermitteln m\u00f6chten. Ein reichhaltiges Angebot an afrikanischen Rhythmen, Liedern und Spielen f\u00fcr die ganze Klasse sorgt f\u00fcr viel musikalische Abwechslung, Spa\u00df und p\u00e4dagogische Vielfalt. Die Kinder erlernen einfache Spieltechniken an Djemben und anderen Handtrommeln und erarbeiten mit Hilfe von Trommelsilben und Sprechversen unterschiedliche Rhythmusarrangements. Viele Lieder, Rhythmus-, Klang- und Bewegungs\u00fcbungen erleichtern den spielerischen Einstieg ins rhythmische Musizieren, und eine einfache Notation erm\u00f6glicht das schnelle Verst\u00e4ndnis der Rhythmen. Dazu gibt es einige mit kleinen Geschichten verbundene B\u00fchnenst\u00fccke, die als Inspiration f\u00fcr erste Trommel-Auff\u00fchrungen dienen. Auf der beiliegenden CD h\u00f6ren Sie Einspielungen aller Lieder sowie verschiedener Trommel\u00fcbungen, -Rhythmen und -Soli. Aus dem Inhalt: Erste Schritte und Basics \u2022 Der Rhythmuswechsel \u2022 Mehrstimmiges Spielen \u2022 Erweiterte Spieltechnik \u2022 Arbeiten mit Noten \u2022 Solos \u2022 Kleinperkussionsinstrumente \u2022 Einfache Blumentopftrommeln basteln \u2022 Klangspiele \u2022 Bewegungsspiele \u2022 Wahrnehmungsspiele \u2022 Bodypercussion \u2022 B\u00fchnenst\u00fccke Die Lieder: Bum Bum Tak \u2022 I ni tile (Guten Morgen) \u2022 Sanji (Regenlied) \u2022 Negeso (Fahrradlied) \u2022 Oh Waninde (Abschiedslied) \u2022 Aw be soma (Begr\u00fc\u00dfungslied) \u2022 Zehn kleine Trommler \u2022 Rukituk (Sammeltaxilied) \u2022 Kabatsch (Der Baum am Fluss) \u2022 Triki Tiki (Der Dorfschmied) Preis: 24,90 \u20ac + Versandkosten ISBN: 978-3-87226-929-4 &nbsp; Bestellung unter: info@yelabrodesser.com &nbsp;<\/p>\n","protected":false},"author":1,"featured_media":0,"parent":0,"menu_order":0,"comment_status":"closed","ping_status":"closed","template":"","meta":{"footnotes":""},"class_list":["post-179","page","type-page","status-publish","hentry"],"yoast_head":"<!-- This site is optimized with the Yoast SEO plugin v20.4 - https:\/\/yoast.com\/wordpress\/plugins\/seo\/ -->\n<title>Bum Bum Tak - Yela Brodesser<\/title>\n<meta name=\"robots\" content=\"index, follow, max-snippet:-1, max-image-preview:large, max-video-preview:-1\" \/>\n<link rel=\"canonical\" href=\"https:\/\/yelabrodesser.com\/?page_id=179\" \/>\n<meta property=\"og:locale\" content=\"de_DE\" \/>\n<meta property=\"og:type\" content=\"article\" \/>\n<meta property=\"og:title\" content=\"Bum Bum Tak - Yela Brodesser\" \/>\n<meta property=\"og:description\" content=\"Lassen Sie sich von diesem Buch inspirieren und erfahren Sie zusammen mit Ihren Kindergruppen die Kraft des Rhythmus. Das Buch richtet sich an Lehrkr\u00e4fte mit viel oder wenig eigener Trommelerfahrung, die Kinder in Schulen und Freizeiteinrichtungen unterrichten und ihnen das Spiel an der Trommel vermitteln m\u00f6chten. Ein reichhaltiges Angebot an afrikanischen Rhythmen, Liedern und Spielen f\u00fcr die ganze Klasse sorgt f\u00fcr viel musikalische Abwechslung, Spa\u00df und p\u00e4dagogische Vielfalt. Die Kinder erlernen einfache Spieltechniken an Djemben und anderen Handtrommeln und erarbeiten mit Hilfe von Trommelsilben und Sprechversen unterschiedliche Rhythmusarrangements. Viele Lieder, Rhythmus-, Klang- und Bewegungs\u00fcbungen erleichtern den spielerischen Einstieg ins rhythmische Musizieren, und eine einfache Notation erm\u00f6glicht das schnelle Verst\u00e4ndnis der Rhythmen. Dazu gibt es einige mit kleinen Geschichten verbundene B\u00fchnenst\u00fccke, die als Inspiration f\u00fcr erste Trommel-Auff\u00fchrungen dienen. Auf der beiliegenden CD h\u00f6ren Sie Einspielungen aller Lieder sowie verschiedener Trommel\u00fcbungen, -Rhythmen und -Soli. Aus dem Inhalt: Erste Schritte und Basics \u2022 Der Rhythmuswechsel \u2022 Mehrstimmiges Spielen \u2022 Erweiterte Spieltechnik \u2022 Arbeiten mit Noten \u2022 Solos \u2022 Kleinperkussionsinstrumente \u2022 Einfache Blumentopftrommeln basteln \u2022 Klangspiele \u2022 Bewegungsspiele \u2022 Wahrnehmungsspiele \u2022 Bodypercussion \u2022 B\u00fchnenst\u00fccke Die Lieder: Bum Bum Tak \u2022 I ni tile (Guten Morgen) \u2022 Sanji (Regenlied) \u2022 Negeso (Fahrradlied) \u2022 Oh Waninde (Abschiedslied) \u2022 Aw be soma (Begr\u00fc\u00dfungslied) \u2022 Zehn kleine Trommler \u2022 Rukituk (Sammeltaxilied) \u2022 Kabatsch (Der Baum am Fluss) \u2022 Triki Tiki (Der Dorfschmied) Preis: 24,90 \u20ac + Versandkosten ISBN: 978-3-87226-929-4 &nbsp; Bestellung unter: info@yelabrodesser.com &nbsp;\" \/>\n<meta property=\"og:url\" content=\"https:\/\/yelabrodesser.com\/?page_id=179\" \/>\n<meta property=\"og:site_name\" content=\"Yela Brodesser\" \/>\n<meta property=\"article:modified_time\" content=\"2022-12-08T17:04:50+00:00\" \/>\n<meta name=\"twitter:card\" content=\"summary_large_image\" \/>\n<meta name=\"twitter:label1\" content=\"Gesch\u00e4tzte Lesezeit\" \/>\n\t<meta name=\"twitter:data1\" content=\"2 Minuten\" \/>\n<script type=\"application\/ld+json\" class=\"yoast-schema-graph\">{\"@context\":\"https:\/\/schema.org\",\"@graph\":[{\"@type\":\"WebPage\",\"@id\":\"https:\/\/yelabrodesser.com\/?page_id=179\",\"url\":\"https:\/\/yelabrodesser.com\/?page_id=179\",\"name\":\"Bum Bum Tak - Yela Brodesser\",\"isPartOf\":{\"@id\":\"https:\/\/yelabrodesser.com\/#website\"},\"datePublished\":\"2021-09-29T14:21:17+00:00\",\"dateModified\":\"2022-12-08T17:04:50+00:00\",\"breadcrumb\":{\"@id\":\"https:\/\/yelabrodesser.com\/?page_id=179#breadcrumb\"},\"inLanguage\":\"de-AT\",\"potentialAction\":[{\"@type\":\"ReadAction\",\"target\":[\"https:\/\/yelabrodesser.com\/?page_id=179\"]}]},{\"@type\":\"BreadcrumbList\",\"@id\":\"https:\/\/yelabrodesser.com\/?page_id=179#breadcrumb\",\"itemListElement\":[{\"@type\":\"ListItem\",\"position\":1,\"name\":\"Home\",\"item\":\"https:\/\/yelabrodesser.com\/\"},{\"@type\":\"ListItem\",\"position\":2,\"name\":\"Bum Bum Tak\"}]},{\"@type\":\"WebSite\",\"@id\":\"https:\/\/yelabrodesser.com\/#website\",\"url\":\"https:\/\/yelabrodesser.com\/\",\"name\":\"Yela Brodesser\",\"description\":\"\",\"potentialAction\":[{\"@type\":\"SearchAction\",\"target\":{\"@type\":\"EntryPoint\",\"urlTemplate\":\"https:\/\/yelabrodesser.com\/?s={search_term_string}\"},\"query-input\":\"required name=search_term_string\"}],\"inLanguage\":\"de-AT\"}]}<\/script>\n<!-- \/ Yoast SEO plugin. -->","yoast_head_json":{"title":"Bum Bum Tak - Yela Brodesser","robots":{"index":"index","follow":"follow","max-snippet":"max-snippet:-1","max-image-preview":"max-image-preview:large","max-video-preview":"max-video-preview:-1"},"canonical":"https:\/\/yelabrodesser.com\/?page_id=179","og_locale":"de_DE","og_type":"article","og_title":"Bum Bum Tak - Yela Brodesser","og_description":"Lassen Sie sich von diesem Buch inspirieren und erfahren Sie zusammen mit Ihren Kindergruppen die Kraft des Rhythmus. Das Buch richtet sich an Lehrkr\u00e4fte mit viel oder wenig eigener Trommelerfahrung, die Kinder in Schulen und Freizeiteinrichtungen unterrichten und ihnen das Spiel an der Trommel vermitteln m\u00f6chten. Ein reichhaltiges Angebot an afrikanischen Rhythmen, Liedern und Spielen f\u00fcr die ganze Klasse sorgt f\u00fcr viel musikalische Abwechslung, Spa\u00df und p\u00e4dagogische Vielfalt. Die Kinder erlernen einfache Spieltechniken an Djemben und anderen Handtrommeln und erarbeiten mit Hilfe von Trommelsilben und Sprechversen unterschiedliche Rhythmusarrangements. Viele Lieder, Rhythmus-, Klang- und Bewegungs\u00fcbungen erleichtern den spielerischen Einstieg ins rhythmische Musizieren, und eine einfache Notation erm\u00f6glicht das schnelle Verst\u00e4ndnis der Rhythmen. Dazu gibt es einige mit kleinen Geschichten verbundene B\u00fchnenst\u00fccke, die als Inspiration f\u00fcr erste Trommel-Auff\u00fchrungen dienen. Auf der beiliegenden CD h\u00f6ren Sie Einspielungen aller Lieder sowie verschiedener Trommel\u00fcbungen, -Rhythmen und -Soli. Aus dem Inhalt: Erste Schritte und Basics \u2022 Der Rhythmuswechsel \u2022 Mehrstimmiges Spielen \u2022 Erweiterte Spieltechnik \u2022 Arbeiten mit Noten \u2022 Solos \u2022 Kleinperkussionsinstrumente \u2022 Einfache Blumentopftrommeln basteln \u2022 Klangspiele \u2022 Bewegungsspiele \u2022 Wahrnehmungsspiele \u2022 Bodypercussion \u2022 B\u00fchnenst\u00fccke Die Lieder: Bum Bum Tak \u2022 I ni tile (Guten Morgen) \u2022 Sanji (Regenlied) \u2022 Negeso (Fahrradlied) \u2022 Oh Waninde (Abschiedslied) \u2022 Aw be soma (Begr\u00fc\u00dfungslied) \u2022 Zehn kleine Trommler \u2022 Rukituk (Sammeltaxilied) \u2022 Kabatsch (Der Baum am Fluss) \u2022 Triki Tiki (Der Dorfschmied) Preis: 24,90 \u20ac + Versandkosten ISBN: 978-3-87226-929-4 &nbsp; Bestellung unter: info@yelabrodesser.com &nbsp;","og_url":"https:\/\/yelabrodesser.com\/?page_id=179","og_site_name":"Yela Brodesser","article_modified_time":"2022-12-08T17:04:50+00:00","twitter_card":"summary_large_image","twitter_misc":{"Gesch\u00e4tzte Lesezeit":"2 Minuten"},"schema":{"@context":"https:\/\/schema.org","@graph":[{"@type":"WebPage","@id":"https:\/\/yelabrodesser.com\/?page_id=179","url":"https:\/\/yelabrodesser.com\/?page_id=179","name":"Bum Bum Tak - Yela Brodesser","isPartOf":{"@id":"https:\/\/yelabrodesser.com\/#website"},"datePublished":"2021-09-29T14:21:17+00:00","dateModified":"2022-12-08T17:04:50+00:00","breadcrumb":{"@id":"https:\/\/yelabrodesser.com\/?page_id=179#breadcrumb"},"inLanguage":"de-AT","potentialAction":[{"@type":"ReadAction","target":["https:\/\/yelabrodesser.com\/?page_id=179"]}]},{"@type":"BreadcrumbList","@id":"https:\/\/yelabrodesser.com\/?page_id=179#breadcrumb","itemListElement":[{"@type":"ListItem","position":1,"name":"Home","item":"https:\/\/yelabrodesser.com\/"},{"@type":"ListItem","position":2,"name":"Bum Bum Tak"}]},{"@type":"WebSite","@id":"https:\/\/yelabrodesser.com\/#website","url":"https:\/\/yelabrodesser.com\/","name":"Yela Brodesser","description":"","potentialAction":[{"@type":"SearchAction","target":{"@type":"EntryPoint","urlTemplate":"https:\/\/yelabrodesser.com\/?s={search_term_string}"},"query-input":"required name=search_term_string"}],"inLanguage":"de-AT"}]}},"_links":{"self":[{"href":"https:\/\/yelabrodesser.com\/index.php?rest_route=\/wp\/v2\/pages\/179","targetHints":{"allow":["GET"]}}],"collection":[{"href":"https:\/\/yelabrodesser.com\/index.php?rest_route=\/wp\/v2\/pages"}],"about":[{"href":"https:\/\/yelabrodesser.com\/index.php?rest_route=\/wp\/v2\/types\/page"}],"author":[{"embeddable":true,"href":"https:\/\/yelabrodesser.com\/index.php?rest_route=\/wp\/v2\/users\/1"}],"replies":[{"embeddable":true,"href":"https:\/\/yelabrodesser.com\/index.php?rest_route=%2Fwp%2Fv2%2Fcomments&post=179"}],"version-history":[{"count":10,"href":"https:\/\/yelabrodesser.com\/index.php?rest_route=\/wp\/v2\/pages\/179\/revisions"}],"predecessor-version":[{"id":430,"href":"https:\/\/yelabrodesser.com\/index.php?rest_route=\/wp\/v2\/pages\/179\/revisions\/430"}],"wp:attachment":[{"href":"https:\/\/yelabrodesser.com\/index.php?rest_route=%2Fwp%2Fv2%2Fmedia&parent=179"}],"curies":[{"name":"wp","href":"https:\/\/api.w.org\/{rel}","templated":true}]}}