{"id":295,"date":"2022-04-04T16:59:12","date_gmt":"2022-04-04T16:59:12","guid":{"rendered":"https:\/\/yelabrodesser.com\/?page_id=295"},"modified":"2022-04-05T10:36:25","modified_gmt":"2022-04-05T10:36:25","slug":"interview","status":"publish","type":"page","link":"https:\/\/yelabrodesser.com\/?page_id=295","title":{"rendered":"Interview zu Rote Erde"},"content":{"rendered":"<div id=\"pl-295\"  class=\"panel-layout\" ><div id=\"pg-295-0\"  class=\"panel-grid panel-no-style\" ><div id=\"pgc-295-0-0\"  class=\"panel-grid-cell\" ><div id=\"panel-295-0-0-0\" class=\"so-panel widget widget_sow-editor panel-first-child panel-last-child\" data-index=\"0\" ><div\n\t\t\t\n\t\t\tclass=\"so-widget-sow-editor so-widget-sow-editor-base\"\n\t\t\t\n\t\t>\n<div class=\"siteorigin-widget-tinymce textwidget\">\n\t<p><img loading=\"lazy\" decoding=\"async\" class=\"alignnone size-medium wp-image-214 aligncenter\" src=\"https:\/\/yelabrodesser.com\/wp-content\/uploads\/2021\/09\/Rote-Erde-Buchladen-300x225.jpg\" alt=\"\" width=\"300\" height=\"225\" srcset=\"https:\/\/yelabrodesser.com\/wp-content\/uploads\/2021\/09\/Rote-Erde-Buchladen-300x225.jpg 300w, https:\/\/yelabrodesser.com\/wp-content\/uploads\/2021\/09\/Rote-Erde-Buchladen-768x576.jpg 768w, https:\/\/yelabrodesser.com\/wp-content\/uploads\/2021\/09\/Rote-Erde-Buchladen.jpg 800w\" sizes=\"auto, (max-width: 300px) 100vw, 300px\" \/><\/p>\n<p>&nbsp;<\/p>\n<p><strong>Was war die Motivation zu deinem Buch \"Rote Erde\"?<\/strong><\/p>\n<p>2009 fand in Guinea eine friedliche Demonstration statt, die vom Milit\u00e4r brutal niedergeschossen wurde. 150 Leute wurden damals erschossen und niedergemetzelt, Hunderte wurden verletzt. Als ich von dieser Katastrophe erfahren habe, war ich tief betroffen und beschloss, etwas dar\u00fcber zu schreiben. Anfangs war es nur eine Kurzgeschichte, mit der Zeit ist dann ein Roman daraus geworden.<\/p>\n<p><strong>Was ist dein pers\u00f6nlicher Zugang zum Schreiben?<\/strong><\/p>\n<p>Der Umgang mit Sprache und Worten hat mich bereits als Kind fasziniert. W\u00e4hrend die anderen Kinder spielten, bin ich am liebsten mit einem Buch in der Ecke gesessen. Ich habe fr\u00fch begonnen Tagebuch zu schreiben und habe auch in der Schule und beim Studium gerne mit Worten experimentiert.<\/p>\n<p>Der Bezug zum Thema das Romans ist ein sehr pers\u00f6nlicher: ich bin viel in Guinea gereist und habe Land und Leute sehr ins Herz geschlossen.<\/p>\n<p><strong>Welches Thema bzw. welche Themen behandelt das Buch?<\/strong><\/p>\n<p>Das Buch spielt in Guinea\/Westafrika und beschreibt die spannende Reise einer jungen \u00f6sterreichischen Studentin in das f\u00fcr sie unbekannte Land. Sie verliebt sich in einen Musiker und taucht gemeinsam mit ihm tief in die lebendige Musikszene Conakrys ein. Sie lernt die guineanische Kultur und die traditionellen Feste kennen. Doch die politische Situation des Landes ist sehr instabil und als eine Demonstration gegen den Pr\u00e4sidenten vom Milit\u00e4r brutal niedergeschossen wird, findet der idyllische Urlaub Hannahs ein j\u00e4hes Ende. Pl\u00f6tzlich herrschen b\u00fcrgerkriegs\u00e4hnliche Zust\u00e4nde in der Stadt, eine Ausgangssperre wird verh\u00e4ngt, auf den Stra\u00dfen brennen Autoreifen und die Gesch\u00e4fte werden gepl\u00fcndert.<\/p>\n<\/div>\n<\/div><\/div><\/div><\/div><\/div>","protected":false},"excerpt":{"rendered":"<p>&nbsp; Was war die Motivation zu deinem Buch &#8222;Rote Erde&#8220;? 2009 fand in Guinea eine friedliche Demonstration statt, die vom Milit\u00e4r brutal niedergeschossen wurde. 150 Leute wurden damals erschossen und niedergemetzelt, Hunderte wurden verletzt. Als ich von dieser Katastrophe erfahren habe, war ich tief betroffen und beschloss, etwas dar\u00fcber zu schreiben. Anfangs war es nur eine Kurzgeschichte, mit der Zeit ist dann ein Roman daraus geworden. Was ist dein pers\u00f6nlicher Zugang zum Schreiben? Der Umgang mit Sprache und Worten hat mich bereits als Kind fasziniert. W\u00e4hrend die anderen Kinder spielten, bin ich am liebsten mit einem Buch in der Ecke gesessen. Ich habe fr\u00fch begonnen Tagebuch zu schreiben und habe auch in der Schule und beim Studium gerne mit Worten experimentiert. Der Bezug zum Thema das Romans ist ein sehr pers\u00f6nlicher: ich bin viel in Guinea gereist und habe Land und Leute sehr ins Herz geschlossen. Welches Thema bzw. welche Themen behandelt das Buch? Das Buch spielt in Guinea\/Westafrika und beschreibt die spannende Reise einer jungen \u00f6sterreichischen Studentin in das f\u00fcr sie unbekannte Land. Sie verliebt sich in einen Musiker und taucht gemeinsam mit ihm tief in die lebendige Musikszene Conakrys ein. Sie lernt die guineanische Kultur und die traditionellen Feste kennen. Doch die politische Situation des Landes ist sehr instabil und als eine Demonstration gegen den Pr\u00e4sidenten vom Milit\u00e4r brutal niedergeschossen wird, findet der idyllische Urlaub Hannahs ein j\u00e4hes Ende. Pl\u00f6tzlich herrschen b\u00fcrgerkriegs\u00e4hnliche Zust\u00e4nde in der Stadt, eine Ausgangssperre wird verh\u00e4ngt, auf den Stra\u00dfen brennen Autoreifen und die Gesch\u00e4fte werden gepl\u00fcndert.<\/p>\n","protected":false},"author":1,"featured_media":0,"parent":0,"menu_order":0,"comment_status":"closed","ping_status":"closed","template":"","meta":{"footnotes":""},"class_list":["post-295","page","type-page","status-publish","hentry"],"yoast_head":"<!-- This site is optimized with the Yoast SEO plugin v20.4 - https:\/\/yoast.com\/wordpress\/plugins\/seo\/ -->\n<title>Interview zu Rote Erde - Yela Brodesser<\/title>\n<meta name=\"robots\" content=\"index, follow, max-snippet:-1, max-image-preview:large, max-video-preview:-1\" \/>\n<link rel=\"canonical\" href=\"https:\/\/yelabrodesser.com\/?page_id=295\" \/>\n<meta property=\"og:locale\" content=\"de_DE\" \/>\n<meta property=\"og:type\" content=\"article\" \/>\n<meta property=\"og:title\" content=\"Interview zu Rote Erde - Yela Brodesser\" \/>\n<meta property=\"og:description\" content=\"&nbsp; Was war die Motivation zu deinem Buch &quot;Rote Erde&quot;? 2009 fand in Guinea eine friedliche Demonstration statt, die vom Milit\u00e4r brutal niedergeschossen wurde. 150 Leute wurden damals erschossen und niedergemetzelt, Hunderte wurden verletzt. Als ich von dieser Katastrophe erfahren habe, war ich tief betroffen und beschloss, etwas dar\u00fcber zu schreiben. Anfangs war es nur eine Kurzgeschichte, mit der Zeit ist dann ein Roman daraus geworden. Was ist dein pers\u00f6nlicher Zugang zum Schreiben? Der Umgang mit Sprache und Worten hat mich bereits als Kind fasziniert. W\u00e4hrend die anderen Kinder spielten, bin ich am liebsten mit einem Buch in der Ecke gesessen. Ich habe fr\u00fch begonnen Tagebuch zu schreiben und habe auch in der Schule und beim Studium gerne mit Worten experimentiert. Der Bezug zum Thema das Romans ist ein sehr pers\u00f6nlicher: ich bin viel in Guinea gereist und habe Land und Leute sehr ins Herz geschlossen. Welches Thema bzw. welche Themen behandelt das Buch? Das Buch spielt in Guinea\/Westafrika und beschreibt die spannende Reise einer jungen \u00f6sterreichischen Studentin in das f\u00fcr sie unbekannte Land. Sie verliebt sich in einen Musiker und taucht gemeinsam mit ihm tief in die lebendige Musikszene Conakrys ein. Sie lernt die guineanische Kultur und die traditionellen Feste kennen. Doch die politische Situation des Landes ist sehr instabil und als eine Demonstration gegen den Pr\u00e4sidenten vom Milit\u00e4r brutal niedergeschossen wird, findet der idyllische Urlaub Hannahs ein j\u00e4hes Ende. Pl\u00f6tzlich herrschen b\u00fcrgerkriegs\u00e4hnliche Zust\u00e4nde in der Stadt, eine Ausgangssperre wird verh\u00e4ngt, auf den Stra\u00dfen brennen Autoreifen und die Gesch\u00e4fte werden gepl\u00fcndert.\" \/>\n<meta property=\"og:url\" content=\"https:\/\/yelabrodesser.com\/?page_id=295\" \/>\n<meta property=\"og:site_name\" content=\"Yela Brodesser\" \/>\n<meta property=\"article:modified_time\" content=\"2022-04-05T10:36:25+00:00\" \/>\n<meta property=\"og:image\" content=\"https:\/\/yelabrodesser.com\/wp-content\/uploads\/2021\/09\/Rote-Erde-Buchladen-300x225.jpg\" \/>\n<meta name=\"twitter:card\" content=\"summary_large_image\" \/>\n<meta name=\"twitter:label1\" content=\"Gesch\u00e4tzte Lesezeit\" \/>\n\t<meta name=\"twitter:data1\" content=\"2 Minuten\" \/>\n<script type=\"application\/ld+json\" class=\"yoast-schema-graph\">{\"@context\":\"https:\/\/schema.org\",\"@graph\":[{\"@type\":\"WebPage\",\"@id\":\"https:\/\/yelabrodesser.com\/?page_id=295\",\"url\":\"https:\/\/yelabrodesser.com\/?page_id=295\",\"name\":\"Interview zu Rote Erde - Yela Brodesser\",\"isPartOf\":{\"@id\":\"https:\/\/yelabrodesser.com\/#website\"},\"datePublished\":\"2022-04-04T16:59:12+00:00\",\"dateModified\":\"2022-04-05T10:36:25+00:00\",\"breadcrumb\":{\"@id\":\"https:\/\/yelabrodesser.com\/?page_id=295#breadcrumb\"},\"inLanguage\":\"de-AT\",\"potentialAction\":[{\"@type\":\"ReadAction\",\"target\":[\"https:\/\/yelabrodesser.com\/?page_id=295\"]}]},{\"@type\":\"BreadcrumbList\",\"@id\":\"https:\/\/yelabrodesser.com\/?page_id=295#breadcrumb\",\"itemListElement\":[{\"@type\":\"ListItem\",\"position\":1,\"name\":\"Home\",\"item\":\"https:\/\/yelabrodesser.com\/\"},{\"@type\":\"ListItem\",\"position\":2,\"name\":\"Interview zu Rote Erde\"}]},{\"@type\":\"WebSite\",\"@id\":\"https:\/\/yelabrodesser.com\/#website\",\"url\":\"https:\/\/yelabrodesser.com\/\",\"name\":\"Yela Brodesser\",\"description\":\"\",\"potentialAction\":[{\"@type\":\"SearchAction\",\"target\":{\"@type\":\"EntryPoint\",\"urlTemplate\":\"https:\/\/yelabrodesser.com\/?s={search_term_string}\"},\"query-input\":\"required name=search_term_string\"}],\"inLanguage\":\"de-AT\"}]}<\/script>\n<!-- \/ Yoast SEO plugin. -->","yoast_head_json":{"title":"Interview zu Rote Erde - Yela Brodesser","robots":{"index":"index","follow":"follow","max-snippet":"max-snippet:-1","max-image-preview":"max-image-preview:large","max-video-preview":"max-video-preview:-1"},"canonical":"https:\/\/yelabrodesser.com\/?page_id=295","og_locale":"de_DE","og_type":"article","og_title":"Interview zu Rote Erde - Yela Brodesser","og_description":"&nbsp; Was war die Motivation zu deinem Buch \"Rote Erde\"? 2009 fand in Guinea eine friedliche Demonstration statt, die vom Milit\u00e4r brutal niedergeschossen wurde. 150 Leute wurden damals erschossen und niedergemetzelt, Hunderte wurden verletzt. Als ich von dieser Katastrophe erfahren habe, war ich tief betroffen und beschloss, etwas dar\u00fcber zu schreiben. Anfangs war es nur eine Kurzgeschichte, mit der Zeit ist dann ein Roman daraus geworden. Was ist dein pers\u00f6nlicher Zugang zum Schreiben? Der Umgang mit Sprache und Worten hat mich bereits als Kind fasziniert. W\u00e4hrend die anderen Kinder spielten, bin ich am liebsten mit einem Buch in der Ecke gesessen. Ich habe fr\u00fch begonnen Tagebuch zu schreiben und habe auch in der Schule und beim Studium gerne mit Worten experimentiert. Der Bezug zum Thema das Romans ist ein sehr pers\u00f6nlicher: ich bin viel in Guinea gereist und habe Land und Leute sehr ins Herz geschlossen. Welches Thema bzw. welche Themen behandelt das Buch? Das Buch spielt in Guinea\/Westafrika und beschreibt die spannende Reise einer jungen \u00f6sterreichischen Studentin in das f\u00fcr sie unbekannte Land. Sie verliebt sich in einen Musiker und taucht gemeinsam mit ihm tief in die lebendige Musikszene Conakrys ein. Sie lernt die guineanische Kultur und die traditionellen Feste kennen. Doch die politische Situation des Landes ist sehr instabil und als eine Demonstration gegen den Pr\u00e4sidenten vom Milit\u00e4r brutal niedergeschossen wird, findet der idyllische Urlaub Hannahs ein j\u00e4hes Ende. Pl\u00f6tzlich herrschen b\u00fcrgerkriegs\u00e4hnliche Zust\u00e4nde in der Stadt, eine Ausgangssperre wird verh\u00e4ngt, auf den Stra\u00dfen brennen Autoreifen und die Gesch\u00e4fte werden gepl\u00fcndert.","og_url":"https:\/\/yelabrodesser.com\/?page_id=295","og_site_name":"Yela Brodesser","article_modified_time":"2022-04-05T10:36:25+00:00","og_image":[{"url":"https:\/\/yelabrodesser.com\/wp-content\/uploads\/2021\/09\/Rote-Erde-Buchladen-300x225.jpg"}],"twitter_card":"summary_large_image","twitter_misc":{"Gesch\u00e4tzte Lesezeit":"2 Minuten"},"schema":{"@context":"https:\/\/schema.org","@graph":[{"@type":"WebPage","@id":"https:\/\/yelabrodesser.com\/?page_id=295","url":"https:\/\/yelabrodesser.com\/?page_id=295","name":"Interview zu Rote Erde - Yela Brodesser","isPartOf":{"@id":"https:\/\/yelabrodesser.com\/#website"},"datePublished":"2022-04-04T16:59:12+00:00","dateModified":"2022-04-05T10:36:25+00:00","breadcrumb":{"@id":"https:\/\/yelabrodesser.com\/?page_id=295#breadcrumb"},"inLanguage":"de-AT","potentialAction":[{"@type":"ReadAction","target":["https:\/\/yelabrodesser.com\/?page_id=295"]}]},{"@type":"BreadcrumbList","@id":"https:\/\/yelabrodesser.com\/?page_id=295#breadcrumb","itemListElement":[{"@type":"ListItem","position":1,"name":"Home","item":"https:\/\/yelabrodesser.com\/"},{"@type":"ListItem","position":2,"name":"Interview zu Rote Erde"}]},{"@type":"WebSite","@id":"https:\/\/yelabrodesser.com\/#website","url":"https:\/\/yelabrodesser.com\/","name":"Yela Brodesser","description":"","potentialAction":[{"@type":"SearchAction","target":{"@type":"EntryPoint","urlTemplate":"https:\/\/yelabrodesser.com\/?s={search_term_string}"},"query-input":"required name=search_term_string"}],"inLanguage":"de-AT"}]}},"_links":{"self":[{"href":"https:\/\/yelabrodesser.com\/index.php?rest_route=\/wp\/v2\/pages\/295","targetHints":{"allow":["GET"]}}],"collection":[{"href":"https:\/\/yelabrodesser.com\/index.php?rest_route=\/wp\/v2\/pages"}],"about":[{"href":"https:\/\/yelabrodesser.com\/index.php?rest_route=\/wp\/v2\/types\/page"}],"author":[{"embeddable":true,"href":"https:\/\/yelabrodesser.com\/index.php?rest_route=\/wp\/v2\/users\/1"}],"replies":[{"embeddable":true,"href":"https:\/\/yelabrodesser.com\/index.php?rest_route=%2Fwp%2Fv2%2Fcomments&post=295"}],"version-history":[{"count":4,"href":"https:\/\/yelabrodesser.com\/index.php?rest_route=\/wp\/v2\/pages\/295\/revisions"}],"predecessor-version":[{"id":309,"href":"https:\/\/yelabrodesser.com\/index.php?rest_route=\/wp\/v2\/pages\/295\/revisions\/309"}],"wp:attachment":[{"href":"https:\/\/yelabrodesser.com\/index.php?rest_route=%2Fwp%2Fv2%2Fmedia&parent=295"}],"curies":[{"name":"wp","href":"https:\/\/api.w.org\/{rel}","templated":true}]}}