{"id":333,"date":"2022-04-20T16:03:43","date_gmt":"2022-04-20T16:03:43","guid":{"rendered":"https:\/\/yelabrodesser.com\/?page_id=333"},"modified":"2024-12-14T15:30:24","modified_gmt":"2024-12-14T15:30:24","slug":"artikel-tau-magazin","status":"publish","type":"page","link":"https:\/\/yelabrodesser.com\/?page_id=333","title":{"rendered":"Zeitungsartikel"},"content":{"rendered":"<div id=\"pl-333\"  class=\"panel-layout\" ><div id=\"pg-333-0\"  class=\"panel-grid panel-no-style\" ><div id=\"pgc-333-0-0\"  class=\"panel-grid-cell\" ><div id=\"panel-333-0-0-0\" class=\"so-panel widget widget_sow-image panel-first-child\" data-index=\"0\" ><div\n\t\t\t\n\t\t\tclass=\"so-widget-sow-image so-widget-sow-image-default-d6014b76747a-333\"\n\t\t\t\n\t\t>\n<h3 class=\"widget-title\">Rezension in der Zeitschrift der Asyl Koordination \"Asyl aktuell\"<\/h3>\n<div class=\"sow-image-container\">\n\t\t<img decoding=\"async\" src=\"https:\/\/yelabrodesser.com\/wp-content\/uploads\/2024\/12\/GESTRANDET-Asyl-Aktuell.png\" width=\"940\" height=\"788\" srcset=\"https:\/\/yelabrodesser.com\/wp-content\/uploads\/2024\/12\/GESTRANDET-Asyl-Aktuell.png 940w, https:\/\/yelabrodesser.com\/wp-content\/uploads\/2024\/12\/GESTRANDET-Asyl-Aktuell-300x251.png 300w, https:\/\/yelabrodesser.com\/wp-content\/uploads\/2024\/12\/GESTRANDET-Asyl-Aktuell-768x644.png 768w\" sizes=\"auto, (max-width: 940px) 100vw, 940px\" title=\"Rezension in der Zeitschrift der Asyl Koordination &quot;Asyl aktuell&quot;\" alt=\"\" loading=\"lazy\" \t\tclass=\"so-widget-image\"\/>\n\t<\/div>\n\n<\/div><\/div><div id=\"panel-333-0-0-1\" class=\"so-panel widget widget_sow-editor panel-last-child\" data-index=\"1\" ><div\n\t\t\t\n\t\t\tclass=\"so-widget-sow-editor so-widget-sow-editor-base\"\n\t\t\t\n\t\t>\n<div class=\"siteorigin-widget-tinymce textwidget\">\n\t<hr \/>\n<p>&nbsp;<\/p>\n<\/div>\n<\/div><\/div><\/div><\/div><div id=\"pg-333-1\"  class=\"panel-grid panel-no-style\" ><div id=\"pgc-333-1-0\"  class=\"panel-grid-cell\" ><div id=\"panel-333-1-0-0\" class=\"so-panel widget widget_sow-editor panel-first-child panel-last-child\" data-index=\"2\" ><div\n\t\t\t\n\t\t\tclass=\"so-widget-sow-editor so-widget-sow-editor-base\"\n\t\t\t\n\t\t>\n<div class=\"siteorigin-widget-tinymce textwidget\">\n\t<h3>Mein Buch \"Gestrandet\" wurde in die B\u00fccher-Empfehlungsliste der UNO Fl\u00fcchtlingshilfe aufgenommen:<\/h3>\n<\/div>\n<\/div><\/div><\/div><\/div><div id=\"pg-333-2\"  class=\"panel-grid panel-no-style\" ><div id=\"pgc-333-2-0\"  class=\"panel-grid-cell\" ><div id=\"panel-333-2-0-0\" class=\"so-panel widget widget_sow-editor panel-first-child panel-last-child\" data-index=\"3\" ><div\n\t\t\t\n\t\t\tclass=\"so-widget-sow-editor so-widget-sow-editor-base\"\n\t\t\t\n\t\t>\n<div class=\"siteorigin-widget-tinymce textwidget\">\n\t<h3>\u00a0\u00a0 <img loading=\"lazy\" decoding=\"async\" class=\"alignnone  wp-image-540\" src=\"https:\/\/yelabrodesser.com\/wp-content\/uploads\/2023\/11\/Uno-Fluechtlingshilfe2-300x210.jpg\" alt=\"\" width=\"396\" height=\"277\" srcset=\"https:\/\/yelabrodesser.com\/wp-content\/uploads\/2023\/11\/Uno-Fluechtlingshilfe2-300x210.jpg 300w, https:\/\/yelabrodesser.com\/wp-content\/uploads\/2023\/11\/Uno-Fluechtlingshilfe2.jpg 591w\" sizes=\"auto, (max-width: 396px) 100vw, 396px\" \/><\/h3>\n<\/div>\n<\/div><\/div><\/div><div id=\"pgc-333-2-1\"  class=\"panel-grid-cell\" ><div id=\"panel-333-2-1-0\" class=\"so-panel widget widget_sow-editor panel-first-child\" data-index=\"4\" ><div\n\t\t\t\n\t\t\tclass=\"so-widget-sow-editor so-widget-sow-editor-base\"\n\t\t\t\n\t\t>\n<div class=\"siteorigin-widget-tinymce textwidget\">\n\t<h4>Flucht durch die W\u00fcste und \u00fcber das Meer<\/h4>\n<p>Fode muss sein Heimatland Guinea verlassen, weil er politisch verfolgt wird. Zusammen mit einem Freund wagt er - wie so viele andere - die Flucht durch die W\u00fcste in Richtung Libyen, um von dort \u00fcber das Mittelmeer nach Europa zu gelangen. Er hofft bis zu seiner Freundin Hannah zu gelangen, die \u00d6sterreicherin ist und dort vergeblich versucht hat, f\u00fcr ihren Freund ein Visum zu bekommen.<\/p>\n<p>Der zweite Erz\u00e4hlstrang berichtet von Michael, der von \u00d6sterreich nach Guinea f\u00e4hrt, um Aminata zu unterst\u00fctzen, die er vor wenigen Monaten kennengerlernt hat. Die junge Frau und Mutter von drei Kindern will sich von ihrem gewaltt\u00e4tigen Ehemann trennen.\u00a0Neben diesen beiden, ineinander verwobenen und sich abwechselnden Geschichten, wird das Schicksal des Ehemannes von Aminata, wiederholt eingeblendet.<\/p>\n<p>Fodes Entschluss sich auf den Weg nach Europa zu machen, sein gef\u00e4hrlicher Weg durch die W\u00fcste, die Schilderungen der Ohnmacht und Verzweiflung angesichts der Gewalt und R\u00fccksichtslosigkeit der Schlepper, sind einf\u00fchlsam und bildhaft beschrieben. Dadurch, dass alle drei Erz\u00e4hlstr\u00e4nge miteinander verwoben sind und die verschiedenen Sichtweisen der Protagonisten das Geschehen von verschiedenen Blickwinkeln beleuchten, wird das Buch \u201eGestrandet\u201c zu einer spannenden Lekt\u00fcre.<\/p>\n<p><strong>Fazit<\/strong><br \/>\nEine spannende und trotz des ernsten Themas gut zu lesende Geschichte rund um die Flucht des jungen Fode aus Guinea. Interessant sind die verschiedenen Sichtweisen auf die Handlung. Das offene Ende macht deutlich, dass eine Flucht nicht mit Erreichen des rettenden Ufers beendet ist, sondern dass es nicht selten noch lange dauert, bis eine endg\u00fcltige L\u00f6sung gefunden ist.<\/p>\n<p>F\u00fcr Leserinnen und Leser ab ca.16 Jahren.<\/p>\n<\/div>\n<\/div><\/div><div id=\"panel-333-2-1-1\" class=\"so-panel widget widget_sow-button panel-last-child\" data-index=\"5\" ><div\n\t\t\t\n\t\t\tclass=\"so-widget-sow-button so-widget-sow-button-flat-eaa51a902caf-333\"\n\t\t\t\n\t\t><div class=\"ow-button-base ow-button-align-center\">\n\t<a href=\"https:\/\/www.uno-fluechtlingshilfe.de\/informieren\/buchempfehlungen\/junge-erwachsene\/gestrandet\" class=\"ow-icon-placement-left ow-button-hover\" \t\t>\n\t\t<span>\n\t\t\t\n\t\t\tErfahre mehr ...\t\t<\/span>\n\t<\/a>\n<\/div>\n<\/div><\/div><\/div><\/div><div id=\"pg-333-3\"  class=\"panel-grid panel-no-style\" ><div id=\"pgc-333-3-0\"  class=\"panel-grid-cell\" ><div id=\"panel-333-3-0-0\" class=\"so-panel widget widget_sow-editor panel-first-child panel-last-child\" data-index=\"6\" ><div\n\t\t\t\n\t\t\tclass=\"so-widget-sow-editor so-widget-sow-editor-base\"\n\t\t\t\n\t\t>\n<div class=\"siteorigin-widget-tinymce textwidget\">\n\t<hr \/>\n<p>&nbsp;<\/p>\n<\/div>\n<\/div><\/div><\/div><\/div><div id=\"pg-333-4\"  class=\"panel-grid panel-no-style\" ><div id=\"pgc-333-4-0\"  class=\"panel-grid-cell\" ><div id=\"panel-333-4-0-0\" class=\"so-panel widget widget_sow-image panel-first-child\" data-index=\"7\" ><div\n\t\t\t\n\t\t\tclass=\"so-widget-sow-image so-widget-sow-image-default-d6014b76747a-333\"\n\t\t\t\n\t\t>\n<h3 class=\"widget-title\">Artikel - N\u00d6N M\u00e4rz 2023<\/h3>\n<div class=\"sow-image-container\">\n\t\t<img decoding=\"async\" src=\"https:\/\/yelabrodesser.com\/wp-content\/uploads\/2023\/04\/NOeN-Artikel-Gestrandet-.jpg\" width=\"1080\" height=\"607\" srcset=\"https:\/\/yelabrodesser.com\/wp-content\/uploads\/2023\/04\/NOeN-Artikel-Gestrandet-.jpg 1080w, https:\/\/yelabrodesser.com\/wp-content\/uploads\/2023\/04\/NOeN-Artikel-Gestrandet--300x169.jpg 300w, https:\/\/yelabrodesser.com\/wp-content\/uploads\/2023\/04\/NOeN-Artikel-Gestrandet--1024x576.jpg 1024w, https:\/\/yelabrodesser.com\/wp-content\/uploads\/2023\/04\/NOeN-Artikel-Gestrandet--768x432.jpg 768w\" sizes=\"auto, (max-width: 1080px) 100vw, 1080px\" title=\"Artikel - N\u00d6N M\u00e4rz 2023\" alt=\"\" loading=\"lazy\" \t\tclass=\"so-widget-image\"\/>\n\t<\/div>\n\n<\/div><\/div><div id=\"panel-333-4-0-1\" class=\"so-panel widget widget_sow-editor panel-last-child\" data-index=\"8\" ><div\n\t\t\t\n\t\t\tclass=\"so-widget-sow-editor so-widget-sow-editor-base\"\n\t\t\t\n\t\t>\n<div class=\"siteorigin-widget-tinymce textwidget\">\n\t<hr \/>\n<p>&nbsp;<\/p>\n<\/div>\n<\/div><\/div><\/div><\/div><div id=\"pg-333-5\"  class=\"panel-grid panel-no-style\" ><div id=\"pgc-333-5-0\"  class=\"panel-grid-cell\" ><div id=\"panel-333-5-0-0\" class=\"so-panel widget widget_sow-editor panel-first-child panel-last-child\" data-index=\"9\" ><div\n\t\t\t\n\t\t\tclass=\"so-widget-sow-editor so-widget-sow-editor-base\"\n\t\t\t\n\t\t><h3 class=\"widget-title\">Artikel TAU - 2018<\/h3>\n<div class=\"siteorigin-widget-tinymce textwidget\">\n\t<\/div>\n<\/div><\/div><\/div><\/div><div id=\"pg-333-6\"  class=\"panel-grid panel-no-style\" ><div id=\"pgc-333-6-0\"  class=\"panel-grid-cell\" ><div id=\"panel-333-6-0-0\" class=\"so-panel widget widget_sow-image panel-first-child panel-last-child\" data-index=\"10\" ><div\n\t\t\t\n\t\t\tclass=\"so-widget-sow-image so-widget-sow-image-default-17bc2272b535-333\"\n\t\t\t\n\t\t>\n\n<div class=\"sow-image-container\">\n\t\t<img decoding=\"async\" src=\"https:\/\/yelabrodesser.com\/wp-content\/uploads\/2022\/04\/Tau-Magazin-Cover-300x260.jpg\" width=\"300\" height=\"260\" srcset=\"https:\/\/yelabrodesser.com\/wp-content\/uploads\/2022\/04\/Tau-Magazin-Cover-300x260.jpg 300w, https:\/\/yelabrodesser.com\/wp-content\/uploads\/2022\/04\/Tau-Magazin-Cover-1024x888.jpg 1024w, https:\/\/yelabrodesser.com\/wp-content\/uploads\/2022\/04\/Tau-Magazin-Cover-768x666.jpg 768w, https:\/\/yelabrodesser.com\/wp-content\/uploads\/2022\/04\/Tau-Magazin-Cover-1536x1332.jpg 1536w, https:\/\/yelabrodesser.com\/wp-content\/uploads\/2022\/04\/Tau-Magazin-Cover-2048x1776.jpg 2048w, https:\/\/yelabrodesser.com\/wp-content\/uploads\/2022\/04\/Tau-Magazin-Cover-1140x989.jpg 1140w\" sizes=\"auto, (max-width: 300px) 100vw, 300px\" title=\"Tau Magazin Cover\" alt=\"\" loading=\"lazy\" \t\tclass=\"so-widget-image\"\/>\n\t<\/div>\n\n<\/div><\/div><\/div><div id=\"pgc-333-6-1\"  class=\"panel-grid-cell\" ><div id=\"panel-333-6-1-0\" class=\"so-panel widget widget_sow-image panel-first-child panel-last-child\" data-index=\"11\" ><div\n\t\t\t\n\t\t\tclass=\"so-widget-sow-image so-widget-sow-image-default-17bc2272b535-333\"\n\t\t\t\n\t\t>\n\n<div class=\"sow-image-container\">\n\t\t<img decoding=\"async\" src=\"https:\/\/yelabrodesser.com\/wp-content\/uploads\/2022\/04\/Tau-Magazin-Artikel1-291x300.jpg\" width=\"291\" height=\"300\" srcset=\"https:\/\/yelabrodesser.com\/wp-content\/uploads\/2022\/04\/Tau-Magazin-Artikel1-291x300.jpg 291w, https:\/\/yelabrodesser.com\/wp-content\/uploads\/2022\/04\/Tau-Magazin-Artikel1-993x1024.jpg 993w, https:\/\/yelabrodesser.com\/wp-content\/uploads\/2022\/04\/Tau-Magazin-Artikel1-768x792.jpg 768w, https:\/\/yelabrodesser.com\/wp-content\/uploads\/2022\/04\/Tau-Magazin-Artikel1-1489x1536.jpg 1489w, https:\/\/yelabrodesser.com\/wp-content\/uploads\/2022\/04\/Tau-Magazin-Artikel1-1986x2048.jpg 1986w, https:\/\/yelabrodesser.com\/wp-content\/uploads\/2022\/04\/Tau-Magazin-Artikel1-1140x1176.jpg 1140w\" sizes=\"auto, (max-width: 291px) 100vw, 291px\" title=\"Tau Magazin Artikel1\" alt=\"\" loading=\"lazy\" \t\tclass=\"so-widget-image\"\/>\n\t<\/div>\n\n<\/div><\/div><\/div><\/div><div id=\"pg-333-7\"  class=\"panel-grid panel-no-style\" ><div id=\"pgc-333-7-0\"  class=\"panel-grid-cell\" ><div id=\"panel-333-7-0-0\" class=\"so-panel widget widget_sow-editor panel-first-child panel-last-child\" data-index=\"12\" ><div\n\t\t\t\n\t\t\tclass=\"so-widget-sow-editor so-widget-sow-editor-base\"\n\t\t\t\n\t\t>\n<div class=\"siteorigin-widget-tinymce textwidget\">\n\t<p>Mein Roman Rote Erde spielt im westafrikanischen Guinea, in das ich mehrmals gereist bin, um die traditionelle Trommelmusik zu erlernen. Ich habe sehr guten und intensiven Kontakt zu Land und Leuten aufgebaut, und habe immer noch einige gute Freunde und Bekannte dort. Deshalb hat es mich 2009 sehr ersch\u00fcttert, als ich erfahren habe, dass eine friedliche Demonstration in der Hauptstadt Conakry vom Milit\u00e4r brutal niedergeschossen wurde. Es starben damals \u00fcber 150 Menschen- aber in unseren Medien hat man kaum etwas dar\u00fcber geh\u00f6rt. Damals entstand der Wunsch in mir etwas \u00fcber diese Katastrophe zu schreiben.<\/p>\n<p>&nbsp;<\/p>\n<p>Das Schreiben des Buchs war ein fl\u00fcssiger und interessanter Prozess f\u00fcr mich. Schwierig wurde es, als es an die Verlagssuche ging. Mein Wunsch war es von Anfang an, einen Verlag zu finden, der das Buch herausbringt, da ich mir ein professionelles Lektorat gew\u00fcnscht habe. Diese Suche gestaltete sich ziemlich m\u00fchsam: anfangs suchte ich erfolglos alleine bis ich schlie\u00dflich eine Literaturagentur fand, die mir die Verlagssuche abnahm. Dar\u00fcber war ich sehr froh, allerdings dauerte es danach nochmals mehr als ein Jahr, bis endlich ein Verlag gefunden war. Letztes Jahr an meinem Geburtstag erfuhr ich, dass der Wiener Verlag Edition Mokka mein Buch herausbringen w\u00fcrde. Ein sch\u00f6nes Geburtstagsgeschenk!<\/p>\n<p>Der Prozess des Schreibens war sehr spannend f\u00fcr mich. Anfangs habe ich die Kerngeschichte \u00fcber besagte Demonstration geschrieben. Dann entstand der Wunsch, die Geschichte auszubauen, ich hatte jedoch kein genaues Konzept daf\u00fcr. Die Handlung entwickelte sich w\u00e4hrend des Schreibens, oft war ich selbst \u00fcberrascht \u00fcber die Protagonisten und die Geschichte, die ein Eigenleben entwickelten. Durch das Schreiben konnten sich meine Gedanken kl\u00e4ren und ich konnte meine aufgew\u00fchlten Emotionen \u00fcber die schwierige politische und wirtschaftliche Lage Guineas kanalisieren.<\/p>\n<p>In der Zeit der Verlagssuche bin ich durch viele H\u00f6hen und Tiefen gegangen, habe oft sehr an dem Buch und meinen F\u00e4higkeiten gezweifelt und war des \u00d6fteren versucht, das Projekt in der Schublade verschwinden zu lassen. Zum Gl\u00fcck haben mich dann immer wieder Menschen in meinem Umkreis best\u00e4rkt, nicht aufzugeben. Mittlerweile bin ich sehr froh dar\u00fcber, denn es ist ein sch\u00f6nes Gef\u00fchl, etwas an die \u00d6ffentlichkeit zu bringen, an dem man lange und intensiv im stillen K\u00e4mmerlein gearbeitet hat.<\/p>\n<\/div>\n<\/div><\/div><\/div><\/div><\/div>","protected":false},"excerpt":{"rendered":"<p>&nbsp; Mein Buch &#8222;Gestrandet&#8220; wurde in die B\u00fccher-Empfehlungsliste der UNO Fl\u00fcchtlingshilfe aufgenommen:<\/p>\n","protected":false},"author":1,"featured_media":0,"parent":0,"menu_order":0,"comment_status":"closed","ping_status":"closed","template":"","meta":{"footnotes":""},"class_list":["post-333","page","type-page","status-publish","hentry"],"yoast_head":"<!-- This site is optimized with the Yoast SEO plugin v20.4 - https:\/\/yoast.com\/wordpress\/plugins\/seo\/ -->\n<title>Zeitungsartikel - Yela Brodesser<\/title>\n<meta name=\"robots\" content=\"index, follow, max-snippet:-1, max-image-preview:large, max-video-preview:-1\" \/>\n<link rel=\"canonical\" href=\"https:\/\/yelabrodesser.com\/?page_id=333\" \/>\n<meta property=\"og:locale\" content=\"de_DE\" \/>\n<meta property=\"og:type\" content=\"article\" \/>\n<meta property=\"og:title\" content=\"Zeitungsartikel - Yela Brodesser\" \/>\n<meta property=\"og:description\" content=\"&nbsp; Mein Buch &quot;Gestrandet&quot; wurde in die B\u00fccher-Empfehlungsliste der UNO Fl\u00fcchtlingshilfe aufgenommen:\" \/>\n<meta property=\"og:url\" content=\"https:\/\/yelabrodesser.com\/?page_id=333\" \/>\n<meta property=\"og:site_name\" content=\"Yela Brodesser\" \/>\n<meta property=\"article:modified_time\" content=\"2024-12-14T15:30:24+00:00\" \/>\n<meta property=\"og:image\" content=\"https:\/\/yelabrodesser.com\/wp-content\/uploads\/2023\/11\/Uno-Fluechtlingshilfe2-300x210.jpg\" \/>\n<meta name=\"twitter:card\" content=\"summary_large_image\" \/>\n<meta name=\"twitter:label1\" content=\"Gesch\u00e4tzte Lesezeit\" \/>\n\t<meta name=\"twitter:data1\" content=\"4 Minuten\" \/>\n<script type=\"application\/ld+json\" class=\"yoast-schema-graph\">{\"@context\":\"https:\/\/schema.org\",\"@graph\":[{\"@type\":\"WebPage\",\"@id\":\"https:\/\/yelabrodesser.com\/?page_id=333\",\"url\":\"https:\/\/yelabrodesser.com\/?page_id=333\",\"name\":\"Zeitungsartikel - Yela Brodesser\",\"isPartOf\":{\"@id\":\"https:\/\/yelabrodesser.com\/#website\"},\"datePublished\":\"2022-04-20T16:03:43+00:00\",\"dateModified\":\"2024-12-14T15:30:24+00:00\",\"breadcrumb\":{\"@id\":\"https:\/\/yelabrodesser.com\/?page_id=333#breadcrumb\"},\"inLanguage\":\"de-AT\",\"potentialAction\":[{\"@type\":\"ReadAction\",\"target\":[\"https:\/\/yelabrodesser.com\/?page_id=333\"]}]},{\"@type\":\"BreadcrumbList\",\"@id\":\"https:\/\/yelabrodesser.com\/?page_id=333#breadcrumb\",\"itemListElement\":[{\"@type\":\"ListItem\",\"position\":1,\"name\":\"Home\",\"item\":\"https:\/\/yelabrodesser.com\/\"},{\"@type\":\"ListItem\",\"position\":2,\"name\":\"Zeitungsartikel\"}]},{\"@type\":\"WebSite\",\"@id\":\"https:\/\/yelabrodesser.com\/#website\",\"url\":\"https:\/\/yelabrodesser.com\/\",\"name\":\"Yela Brodesser\",\"description\":\"\",\"potentialAction\":[{\"@type\":\"SearchAction\",\"target\":{\"@type\":\"EntryPoint\",\"urlTemplate\":\"https:\/\/yelabrodesser.com\/?s={search_term_string}\"},\"query-input\":\"required name=search_term_string\"}],\"inLanguage\":\"de-AT\"}]}<\/script>\n<!-- \/ Yoast SEO plugin. -->","yoast_head_json":{"title":"Zeitungsartikel - Yela Brodesser","robots":{"index":"index","follow":"follow","max-snippet":"max-snippet:-1","max-image-preview":"max-image-preview:large","max-video-preview":"max-video-preview:-1"},"canonical":"https:\/\/yelabrodesser.com\/?page_id=333","og_locale":"de_DE","og_type":"article","og_title":"Zeitungsartikel - Yela Brodesser","og_description":"&nbsp; Mein Buch \"Gestrandet\" wurde in die B\u00fccher-Empfehlungsliste der UNO Fl\u00fcchtlingshilfe aufgenommen:","og_url":"https:\/\/yelabrodesser.com\/?page_id=333","og_site_name":"Yela Brodesser","article_modified_time":"2024-12-14T15:30:24+00:00","og_image":[{"url":"https:\/\/yelabrodesser.com\/wp-content\/uploads\/2023\/11\/Uno-Fluechtlingshilfe2-300x210.jpg"}],"twitter_card":"summary_large_image","twitter_misc":{"Gesch\u00e4tzte Lesezeit":"4 Minuten"},"schema":{"@context":"https:\/\/schema.org","@graph":[{"@type":"WebPage","@id":"https:\/\/yelabrodesser.com\/?page_id=333","url":"https:\/\/yelabrodesser.com\/?page_id=333","name":"Zeitungsartikel - Yela Brodesser","isPartOf":{"@id":"https:\/\/yelabrodesser.com\/#website"},"datePublished":"2022-04-20T16:03:43+00:00","dateModified":"2024-12-14T15:30:24+00:00","breadcrumb":{"@id":"https:\/\/yelabrodesser.com\/?page_id=333#breadcrumb"},"inLanguage":"de-AT","potentialAction":[{"@type":"ReadAction","target":["https:\/\/yelabrodesser.com\/?page_id=333"]}]},{"@type":"BreadcrumbList","@id":"https:\/\/yelabrodesser.com\/?page_id=333#breadcrumb","itemListElement":[{"@type":"ListItem","position":1,"name":"Home","item":"https:\/\/yelabrodesser.com\/"},{"@type":"ListItem","position":2,"name":"Zeitungsartikel"}]},{"@type":"WebSite","@id":"https:\/\/yelabrodesser.com\/#website","url":"https:\/\/yelabrodesser.com\/","name":"Yela Brodesser","description":"","potentialAction":[{"@type":"SearchAction","target":{"@type":"EntryPoint","urlTemplate":"https:\/\/yelabrodesser.com\/?s={search_term_string}"},"query-input":"required name=search_term_string"}],"inLanguage":"de-AT"}]}},"_links":{"self":[{"href":"https:\/\/yelabrodesser.com\/index.php?rest_route=\/wp\/v2\/pages\/333","targetHints":{"allow":["GET"]}}],"collection":[{"href":"https:\/\/yelabrodesser.com\/index.php?rest_route=\/wp\/v2\/pages"}],"about":[{"href":"https:\/\/yelabrodesser.com\/index.php?rest_route=\/wp\/v2\/types\/page"}],"author":[{"embeddable":true,"href":"https:\/\/yelabrodesser.com\/index.php?rest_route=\/wp\/v2\/users\/1"}],"replies":[{"embeddable":true,"href":"https:\/\/yelabrodesser.com\/index.php?rest_route=%2Fwp%2Fv2%2Fcomments&post=333"}],"version-history":[{"count":8,"href":"https:\/\/yelabrodesser.com\/index.php?rest_route=\/wp\/v2\/pages\/333\/revisions"}],"predecessor-version":[{"id":572,"href":"https:\/\/yelabrodesser.com\/index.php?rest_route=\/wp\/v2\/pages\/333\/revisions\/572"}],"wp:attachment":[{"href":"https:\/\/yelabrodesser.com\/index.php?rest_route=%2Fwp%2Fv2%2Fmedia&parent=333"}],"curies":[{"name":"wp","href":"https:\/\/api.w.org\/{rel}","templated":true}]}}